{"id":12940,"date":"2023-04-26T14:03:53","date_gmt":"2024-06-05T08:06:39","guid":{"rendered":"https:\/\/www.binkert.com\/service\/kontaktaufnahme-binkert-ag-2\/"},"modified":"2024-07-05T08:45:33","modified_gmt":"2024-07-05T07:45:33","slug":"contacter","status":"publish","type":"page","link":"https:\/\/www.binkert.com\/fr\/service\/contacter\/","title":{"rendered":"Contacter"},"content":{"rendered":"<p><section class=\"ffb-id-7mfsn45e fg-section fg-el-has-bg header-small fg-text-dark\"><span class=\"fg-bg\"><span data-fg-bg=\"{&quot;type&quot;:&quot;image&quot;,&quot;opacity&quot;:&quot;1&quot;,&quot;url&quot;:&quot;https:\\\/\\\/www.binkert.com\\\/wp-content\\\/uploads\\\/Startseite-Drehen.jpg&quot;,&quot;size&quot;:&quot;cover&quot;,&quot;repeat&quot;:&quot;no-repeat&quot;,&quot;attachment&quot;:&quot;scroll&quot;,&quot;position&quot;:&quot;center center&quot;}\" class=\"fg-bg-layer fg-bg-type-image \" style=\"opacity: 1; background-image: url(&quot;https:\/\/www.binkert.com\/wp-content\/uploads\/Startseite-Drehen.jpg&quot;); background-repeat: no-repeat; background-attachment: scroll; background-position: center center; background-size: cover;\"><\/span><span data-fg-bg=\"{&quot;type&quot;:&quot;image&quot;,&quot;opacity&quot;:&quot;1&quot;,&quot;url&quot;:&quot;https:\\\/\\\/www.binkert.com\\\/wp-content\\\/uploads\\\/IMG_5437.jpg&quot;,&quot;size&quot;:&quot;cover&quot;,&quot;repeat&quot;:&quot;no-repeat&quot;,&quot;attachment&quot;:&quot;scroll&quot;,&quot;hidden_xs&quot;:&quot;yes&quot;,&quot;hidden_sm&quot;:&quot;yes&quot;,&quot;hidden_md&quot;:&quot;yes&quot;,&quot;hidden_lg&quot;:&quot;yes&quot;,&quot;position&quot;:&quot;center center&quot;}\" class=\"fg-bg-layer fg-bg-type-image hidden-xs hidden-sm hidden-md hidden-lg\" style=\"opacity: 1; background-image: url(&quot;https:\/\/www.binkert.com\/wp-content\/uploads\/IMG_5437.jpg&quot;); background-repeat: no-repeat; background-attachment: scroll; background-position: center center; background-size: cover;\"><\/span><\/span><div class=\"fg-container container fg-container-large fg-container-lvl--1 \"><div class=\"fg-row row    \" ><div class=\"ffb-id-7mfsn45f fg-col col-xs-12 col-md-12 fg-text-dark\"><\/div><\/div><\/div><\/section><style><\/style><script type=\"text\/javascript\"><\/script><style><\/style><script type=\"text\/javascript\"><\/script><section class=\"ffb-id-71ak89tc fg-section fg-text-dark\" data-test=\"testik\" id=\"xx\"><div class=\"ffb-id-71ak89td fg-container container fg-container-large fg-container-lvl--1  fg-text-dark\"><div class=\"ffb-id-71ak89tj fg-row row     fg-text-dark\"><div class=\"ffb-id-71ak89tm fg-col col-xs-12 col-md-12 fg-text-dark\">\n<div class=\"wpcf7 no-js\" id=\"wpcf7-f12948-o1\" lang=\"de-DE\" dir=\"ltr\" data-wpcf7-id=\"12948\">\n<div class=\"screen-reader-response\"><p role=\"status\" aria-live=\"polite\" aria-atomic=\"true\"><\/p> <ul><\/ul><\/div>\n<form action=\"\/fr\/wp-json\/wp\/v2\/pages\/12940#wpcf7-f12948-o1\" method=\"post\" class=\"wpcf7-form init\" aria-label=\"Kontaktformular\" enctype=\"multipart\/form-data\" novalidate=\"novalidate\" data-status=\"init\">\n<fieldset class=\"hidden-fields-container\"><input type=\"hidden\" name=\"_wpcf7\" value=\"12948\" \/><input type=\"hidden\" name=\"_wpcf7_version\" value=\"6.1.5\" \/><input type=\"hidden\" name=\"_wpcf7_locale\" value=\"de_DE\" \/><input type=\"hidden\" name=\"_wpcf7_unit_tag\" value=\"wpcf7-f12948-o1\" \/><input type=\"hidden\" name=\"_wpcf7_container_post\" value=\"0\" \/><input type=\"hidden\" name=\"_wpcf7_posted_data_hash\" value=\"\" \/>\n<\/fieldset>\n<div class=\"fg-row row\">\n\t<div class=\"fg-col col-xs-12 col-md-8\">\n\t\t<h2 style=\"font-size: 18px; font-weight: 600;\">Contact souhait\u00e9 par notre service client\u00e8le\n\t\t<\/h2>\n\t\t<p style=\"font-size: 14px;padding-bottom:20px;\">Une personne comp\u00e9tente vous contactera pour discuter avec vous de la suite de la proc\u00e9dure.\n\t\t<\/p>\n\t\t<div class=\"fg-row row\">\n\t\t\t<div class=\"fg-col col-xs-12 col-md-6\">\n\t\t\t\t<p><label> Pr\u00e9nom et nom de famille*<br \/>\n<span class=\"wpcf7-form-control-wrap\" data-name=\"your-name\"><input size=\"40\" maxlength=\"400\" class=\"wpcf7-form-control wpcf7-text wpcf7-validates-as-required\" autocomplete=\"name\" aria-required=\"true\" aria-invalid=\"false\" value=\"\" type=\"text\" name=\"your-name\" \/><\/span> <\/label>\n\t\t\t\t<\/p>\n\t\t\t\t<p><label> Nom de l'entreprise*<br \/>\n<span class=\"wpcf7-form-control-wrap\" data-name=\"your-company\"><input size=\"40\" maxlength=\"400\" class=\"wpcf7-form-control wpcf7-text wpcf7-validates-as-required\" autocomplete=\"company\" aria-required=\"true\" aria-invalid=\"false\" value=\"\" type=\"text\" name=\"your-company\" \/><\/span> <\/label>\n\t\t\t\t<\/p>\n\t\t\t<\/div>\n\t\t\t<div class=\"fg-col col-xs-12 col-md-6\">\n\t\t\t\t<p><label> Num\u00e9ro de t\u00e9l\u00e9phone pour vous contacter*<br \/>\n<span class=\"wpcf7-form-control-wrap\" data-name=\"your-phone\"><input size=\"40\" maxlength=\"400\" class=\"wpcf7-form-control wpcf7-text wpcf7-validates-as-required\" autocomplete=\"phone\" aria-required=\"true\" aria-invalid=\"false\" value=\"\" type=\"text\" name=\"your-phone\" \/><\/span> <\/label>\n\t\t\t\t<\/p>\n\t\t\t\t<p><label> E-mail<br \/>\n<span class=\"wpcf7-form-control-wrap\" data-name=\"your-email\"><input size=\"40\" maxlength=\"400\" class=\"wpcf7-form-control wpcf7-email wpcf7-validates-as-required wpcf7-text wpcf7-validates-as-email\" autocomplete=\"email\" aria-required=\"true\" aria-invalid=\"false\" value=\"\" type=\"email\" name=\"your-email\" \/><\/span> <\/label>\n\t\t\t\t<\/p>\n\t\t\t\t<p><label> Num\u00e9ro de s\u00e9rie de la machine*<br \/>\n<span class=\"wpcf7-form-control-wrap\" data-name=\"your-number\"><input size=\"40\" maxlength=\"400\" class=\"wpcf7-form-control wpcf7-text wpcf7-validates-as-required\" aria-required=\"true\" aria-invalid=\"false\" value=\"\" type=\"text\" name=\"your-number\" \/><\/span> <\/label>\n\t\t\t\t<\/p>\n\t\t\t<\/div>\n\t\t<\/div>\n\t\t<h2 style=\"font-size: 18px; font-weight: 600;\">Description du probl\u00e8me \/ remarques*\n\t\t<\/h2>\n\t\t<p style=\"font-size: 14px;padding-bottom:20px;\">Veuillez d\u00e9crire votre incident le plus pr\u00e9cis\u00e9ment possible. Les num\u00e9ros de message d'erreur et les textes du fichier journal aident notre service client\u00e8le \u00e0 rendre votre machine \u00e0 nouveau productive le plus rapidement possible.\n\t\t<\/p>\n\t\t<p><label> Taper ici<br \/>\n<span class=\"wpcf7-form-control-wrap\" data-name=\"your-message\"><textarea cols=\"40\" rows=\"10\" maxlength=\"2000\" class=\"wpcf7-form-control wpcf7-textarea wpcf7-validates-as-required\" aria-required=\"true\" aria-invalid=\"false\" name=\"your-message\"><\/textarea><\/span> <\/label>\n\t\t<\/p>\n\t<\/div>\n\t<div class=\"fg-col col-xs-12 col-md-4\">\n\t\t<h2 style=\"font-size: 18px; font-weight: 600; color: #cb333b;\">T\u00e9l\u00e9charger des fichiers\n\t\t<\/h2>\n\t\t<p style=\"font-size: 14px;\">T\u00e9l\u00e9charge ici l'image 1 (max. 5MB)\n\t\t<\/p>\n\t\t<p><span class=\"wpcf7-form-control-wrap\" data-name=\"datei1\"><input size=\"40\" class=\"wpcf7-form-control wpcf7-file\" accept=\".pdf,.doc,.docx,.xls,.xlsx,.odt,.ods,.png,.jpg,.jpeg\" aria-invalid=\"false\" type=\"file\" name=\"datei1\" \/><\/span>\n\t\t<\/p>\n\t\t<p style=\"font-size: 14px;\">&nbsp;\n\t\t<\/p>\n\t\t<p style=\"font-size: 14px;\">T\u00e9l\u00e9charge ici l'image 2 (max. 5MB)\n\t\t<\/p>\n\t\t<p><span class=\"wpcf7-form-control-wrap\" data-name=\"datei2\"><input size=\"40\" class=\"wpcf7-form-control wpcf7-file\" accept=\".pdf,.doc,.docx,.xls,.xlsx,.odt,.ods,.png,.jpg,.jpeg\" aria-invalid=\"false\" type=\"file\" name=\"datei2\" \/><\/span>\n\t\t<\/p>\n\t\t<p style=\"font-size: 14px;\">&nbsp;\n\t\t<\/p>\n\t\t<p style=\"font-size: 14px;\">T\u00e9l\u00e9charge ici l'image 3 (max. 5MB)\n\t\t<\/p>\n\t\t<p><span class=\"wpcf7-form-control-wrap\" data-name=\"datei3\"><input size=\"40\" class=\"wpcf7-form-control wpcf7-file\" accept=\".pdf,.doc,.docx,.xls,.xlsx,.odt,.ods,.png,.jpg,.jpeg\" aria-invalid=\"false\" type=\"file\" name=\"datei3\" \/><\/span>\n\t\t<\/p>\n\t\t<p style=\"font-size: 14px;\">&nbsp;\n\t\t<\/p>\n\t\t<p style=\"font-size: 14px;\">Veuillez utiliser <a href=\"https:\/\/wetransfer.com\/\" target=\"_blank\" style=\"font-weight: 600;\">www.wetransfer.com<\/a> pour les fichiers plus volumineux et les envoyer \u00e0 ser&#118;&#105;&#99;&#x65;&#x40;&#x62;&#x69;&#x6e;&#x6b;ert&#46;&#99;&#111;&#109; en indiquant votre entreprise et le num\u00e9ro de s\u00e9rie de la machine.\n\t\t<\/p>\n\t\t<p style=\"font-size: 12px;\">* Champ obligatoire\n\t\t<\/p>\n\t<\/div>\n<\/div>\n<p><input class=\"wpcf7-form-control wpcf7-submit has-spinner\" type=\"submit\" value=\"Envoyer\" \/>\n<\/p><div class=\"wpcf7-response-output\" aria-hidden=\"true\"><\/div>\n<\/form>\n<\/div>\n<\/div><\/div><\/div><\/section><style>.ffb-id-71ak89td{ padding-top: 50px;padding-bottom: 40px;}@media (min-width:992px) { .ffb-id-71ak89td{ padding-top: 67px;padding-bottom: 60px;}}<\/style><script type=\"text\/javascript\"><\/script><style>.ffb-id-71ak89td{ \npadding-top: 50px;\npadding-bottom: 40px;\n\n}\n@media (min-width:992px) { \n.ffb-id-71ak89td{ \npadding-top: 67px;\npadding-bottom: 60px;\n\n}\n}<\/style><script type=\"text\/javascript\"><\/script><\/p>\n","protected":false},"excerpt":{"rendered":"","protected":false},"author":1,"featured_media":0,"parent":6815,"menu_order":4,"comment_status":"closed","ping_status":"closed","template":"","meta":{"footnotes":""},"class_list":["post-12940","page","type-page","status-publish","hentry","post-wrapper"],"yoast_head":"<!-- This site is optimized with the Yoast SEO plugin v27.4 - https:\/\/yoast.com\/product\/yoast-seo-wordpress\/ -->\n<title>Contacter - Josef Binkert AG<\/title>\n<meta name=\"description\" content=\"Une personne comp\u00e9tente vous contactera pour discuter avec vous de la suite de la proc\u00e9dure.\" \/>\n<meta name=\"robots\" content=\"noindex, nofollow\" \/>\n<meta property=\"og:locale\" content=\"fr_FR\" \/>\n<meta property=\"og:type\" content=\"article\" \/>\n<meta property=\"og:title\" content=\"Contacter - Josef Binkert AG\" \/>\n<meta property=\"og:description\" content=\"Une personne comp\u00e9tente vous contactera pour discuter avec vous de la suite de la proc\u00e9dure.\" \/>\n<meta property=\"og:url\" content=\"https:\/\/www.binkert.com\/fr\/service\/contacter\/\" \/>\n<meta property=\"og:site_name\" content=\"Josef Binkert AG\" \/>\n<meta property=\"article:modified_time\" content=\"2024-07-05T07:45:33+00:00\" \/>\n<meta name=\"twitter:card\" content=\"summary_large_image\" \/>\n<meta name=\"twitter:label1\" content=\"Dur\u00e9e de lecture estim\u00e9e\" \/>\n\t<meta name=\"twitter:data1\" content=\"4 minutes\" \/>\n<script type=\"application\/ld+json\" class=\"yoast-schema-graph\">{\"@context\":\"https:\\\/\\\/schema.org\",\"@graph\":[{\"@type\":\"WebPage\",\"@id\":\"https:\\\/\\\/www.binkert.com\\\/fr\\\/service\\\/contacter\\\/\",\"url\":\"https:\\\/\\\/www.binkert.com\\\/fr\\\/service\\\/contacter\\\/\",\"name\":\"Contacter - Josef Binkert AG\",\"isPartOf\":{\"@id\":\"https:\\\/\\\/www.binkert.com\\\/fr\\\/#website\"},\"datePublished\":\"2024-06-05T08:06:39+00:00\",\"dateModified\":\"2024-07-05T07:45:33+00:00\",\"description\":\"Une personne comp\u00e9tente vous contactera pour discuter avec vous de la suite de la proc\u00e9dure.\",\"breadcrumb\":{\"@id\":\"https:\\\/\\\/www.binkert.com\\\/fr\\\/service\\\/contacter\\\/#breadcrumb\"},\"inLanguage\":\"fr-FR\",\"potentialAction\":[{\"@type\":\"ReadAction\",\"target\":[\"https:\\\/\\\/www.binkert.com\\\/fr\\\/service\\\/contacter\\\/\"]}]},{\"@type\":\"BreadcrumbList\",\"@id\":\"https:\\\/\\\/www.binkert.com\\\/fr\\\/service\\\/contacter\\\/#breadcrumb\",\"itemListElement\":[{\"@type\":\"ListItem\",\"position\":1,\"name\":\"Startseite\",\"item\":\"https:\\\/\\\/www.binkert.com\\\/fr\\\/\"},{\"@type\":\"ListItem\",\"position\":2,\"name\":\"Service\",\"item\":\"https:\\\/\\\/www.binkert.com\\\/fr\\\/service\\\/\"},{\"@type\":\"ListItem\",\"position\":3,\"name\":\"Contacter\"}]},{\"@type\":\"WebSite\",\"@id\":\"https:\\\/\\\/www.binkert.com\\\/fr\\\/#website\",\"url\":\"https:\\\/\\\/www.binkert.com\\\/fr\\\/\",\"name\":\"Josef Binkert AG\",\"description\":\"Damit Sie pr\u00e4zise, produktiv und kosteneffizient produzieren k\u00f6nnen, brauchen Sie modernste Fertigungsl\u00f6sungen. Als Schweizerisches Familienunternehmen mit einer \u00fcber 100-j\u00e4hrigen Tradition und Exklusivvertreterin f\u00fchrender europ\u00e4ischen und asiatischen Herstellern von CNC-Maschinen und Automationsl\u00f6sungen finden wir die massgeschneiderte Fertigungsl\u00f6sung f\u00fcr Sie.\",\"publisher\":{\"@id\":\"https:\\\/\\\/www.binkert.com\\\/fr\\\/#organization\"},\"potentialAction\":[{\"@type\":\"SearchAction\",\"target\":{\"@type\":\"EntryPoint\",\"urlTemplate\":\"https:\\\/\\\/www.binkert.com\\\/fr\\\/?s={search_term_string}\"},\"query-input\":{\"@type\":\"PropertyValueSpecification\",\"valueRequired\":true,\"valueName\":\"search_term_string\"}}],\"inLanguage\":\"fr-FR\"},{\"@type\":\"Organization\",\"@id\":\"https:\\\/\\\/www.binkert.com\\\/fr\\\/#organization\",\"name\":\"Josef Binkert AG\",\"url\":\"https:\\\/\\\/www.binkert.com\\\/fr\\\/\",\"logo\":{\"@type\":\"ImageObject\",\"inLanguage\":\"fr-FR\",\"@id\":\"https:\\\/\\\/www.binkert.com\\\/fr\\\/#\\\/schema\\\/logo\\\/image\\\/\",\"url\":\"https:\\\/\\\/www.binkert.com\\\/wp-content\\\/uploads\\\/SMI-rgb.svg\",\"contentUrl\":\"https:\\\/\\\/www.binkert.com\\\/wp-content\\\/uploads\\\/SMI-rgb.svg\",\"width\":\"1024\",\"height\":\"1024\",\"caption\":\"Josef Binkert AG\"},\"image\":{\"@id\":\"https:\\\/\\\/www.binkert.com\\\/fr\\\/#\\\/schema\\\/logo\\\/image\\\/\"},\"sameAs\":[\"https:\\\/\\\/www.linkedin.com\\\/company\\\/josef-binkert-ag\\\/\",\"https:\\\/\\\/www.youtube.com\\\/channel\\\/UCG8l-uJ03s2CHuLcJlheCHw?app=desktop\"]}]}<\/script>\n<!-- \/ Yoast SEO plugin. -->","yoast_head_json":{"title":"Contacter - Josef Binkert AG","description":"Une personne comp\u00e9tente vous contactera pour discuter avec vous de la suite de la proc\u00e9dure.","robots":{"index":"noindex","follow":"nofollow"},"og_locale":"fr_FR","og_type":"article","og_title":"Contacter - Josef Binkert AG","og_description":"Une personne comp\u00e9tente vous contactera pour discuter avec vous de la suite de la proc\u00e9dure.","og_url":"https:\/\/www.binkert.com\/fr\/service\/contacter\/","og_site_name":"Josef Binkert AG","article_modified_time":"2024-07-05T07:45:33+00:00","twitter_card":"summary_large_image","twitter_misc":{"Dur\u00e9e de lecture estim\u00e9e":"4 minutes"},"schema":{"@context":"https:\/\/schema.org","@graph":[{"@type":"WebPage","@id":"https:\/\/www.binkert.com\/fr\/service\/contacter\/","url":"https:\/\/www.binkert.com\/fr\/service\/contacter\/","name":"Contacter - Josef Binkert AG","isPartOf":{"@id":"https:\/\/www.binkert.com\/fr\/#website"},"datePublished":"2024-06-05T08:06:39+00:00","dateModified":"2024-07-05T07:45:33+00:00","description":"Une personne comp\u00e9tente vous contactera pour discuter avec vous de la suite de la proc\u00e9dure.","breadcrumb":{"@id":"https:\/\/www.binkert.com\/fr\/service\/contacter\/#breadcrumb"},"inLanguage":"fr-FR","potentialAction":[{"@type":"ReadAction","target":["https:\/\/www.binkert.com\/fr\/service\/contacter\/"]}]},{"@type":"BreadcrumbList","@id":"https:\/\/www.binkert.com\/fr\/service\/contacter\/#breadcrumb","itemListElement":[{"@type":"ListItem","position":1,"name":"Startseite","item":"https:\/\/www.binkert.com\/fr\/"},{"@type":"ListItem","position":2,"name":"Service","item":"https:\/\/www.binkert.com\/fr\/service\/"},{"@type":"ListItem","position":3,"name":"Contacter"}]},{"@type":"WebSite","@id":"https:\/\/www.binkert.com\/fr\/#website","url":"https:\/\/www.binkert.com\/fr\/","name":"Josef Binkert AG","description":"Damit Sie pr\u00e4zise, produktiv und kosteneffizient produzieren k\u00f6nnen, brauchen Sie modernste Fertigungsl\u00f6sungen. Als Schweizerisches Familienunternehmen mit einer \u00fcber 100-j\u00e4hrigen Tradition und Exklusivvertreterin f\u00fchrender europ\u00e4ischen und asiatischen Herstellern von CNC-Maschinen und Automationsl\u00f6sungen finden wir die massgeschneiderte Fertigungsl\u00f6sung f\u00fcr Sie.","publisher":{"@id":"https:\/\/www.binkert.com\/fr\/#organization"},"potentialAction":[{"@type":"SearchAction","target":{"@type":"EntryPoint","urlTemplate":"https:\/\/www.binkert.com\/fr\/?s={search_term_string}"},"query-input":{"@type":"PropertyValueSpecification","valueRequired":true,"valueName":"search_term_string"}}],"inLanguage":"fr-FR"},{"@type":"Organization","@id":"https:\/\/www.binkert.com\/fr\/#organization","name":"Josef Binkert AG","url":"https:\/\/www.binkert.com\/fr\/","logo":{"@type":"ImageObject","inLanguage":"fr-FR","@id":"https:\/\/www.binkert.com\/fr\/#\/schema\/logo\/image\/","url":"https:\/\/www.binkert.com\/wp-content\/uploads\/SMI-rgb.svg","contentUrl":"https:\/\/www.binkert.com\/wp-content\/uploads\/SMI-rgb.svg","width":"1024","height":"1024","caption":"Josef Binkert AG"},"image":{"@id":"https:\/\/www.binkert.com\/fr\/#\/schema\/logo\/image\/"},"sameAs":["https:\/\/www.linkedin.com\/company\/josef-binkert-ag\/","https:\/\/www.youtube.com\/channel\/UCG8l-uJ03s2CHuLcJlheCHw?app=desktop"]}]}},"_links":{"self":[{"href":"https:\/\/www.binkert.com\/fr\/wp-json\/wp\/v2\/pages\/12940","targetHints":{"allow":["GET"]}}],"collection":[{"href":"https:\/\/www.binkert.com\/fr\/wp-json\/wp\/v2\/pages"}],"about":[{"href":"https:\/\/www.binkert.com\/fr\/wp-json\/wp\/v2\/types\/page"}],"author":[{"embeddable":true,"href":"https:\/\/www.binkert.com\/fr\/wp-json\/wp\/v2\/users\/1"}],"replies":[{"embeddable":true,"href":"https:\/\/www.binkert.com\/fr\/wp-json\/wp\/v2\/comments?post=12940"}],"version-history":[{"count":9,"href":"https:\/\/www.binkert.com\/fr\/wp-json\/wp\/v2\/pages\/12940\/revisions"}],"predecessor-version":[{"id":13341,"href":"https:\/\/www.binkert.com\/fr\/wp-json\/wp\/v2\/pages\/12940\/revisions\/13341"}],"up":[{"embeddable":true,"href":"https:\/\/www.binkert.com\/fr\/wp-json\/wp\/v2\/pages\/6815"}],"wp:attachment":[{"href":"https:\/\/www.binkert.com\/fr\/wp-json\/wp\/v2\/media?parent=12940"}],"curies":[{"name":"wp","href":"https:\/\/api.w.org\/{rel}","templated":true}]}}