{"id":6836,"date":"2023-04-26T09:59:45","date_gmt":"2023-04-26T08:59:45","guid":{"rendered":"https:\/\/www.binkert.com\/?page_id=6836"},"modified":"2026-03-18T11:38:52","modified_gmt":"2026-03-18T10:38:52","slug":"mentions-legales","status":"publish","type":"page","link":"https:\/\/www.binkert.com\/fr\/entreprise\/mentions-legales\/","title":{"rendered":"Mentions l\u00e9gales"},"content":{"rendered":"<p><section class=\"ffb-id-3u68l67f fg-section fg-el-has-bg header-small fg-text-dark\"><span class=\"fg-bg\"><span data-fg-bg=\"{&quot;type&quot;:&quot;image&quot;,&quot;opacity&quot;:&quot;1&quot;,&quot;url&quot;:&quot;https:\\\/\\\/www.binkert.com\\\/wp-content\\\/uploads\\\/header-unternehmen-desktop.jpg&quot;,&quot;size&quot;:&quot;cover&quot;,&quot;repeat&quot;:&quot;no-repeat&quot;,&quot;attachment&quot;:&quot;scroll&quot;,&quot;hidden_xs&quot;:&quot;yes&quot;,&quot;position&quot;:&quot;center center&quot;}\" class=\"fg-bg-layer fg-bg-type-image hidden-xs\" style=\"opacity: 1; background-image: url(&quot;https:\/\/www.binkert.com\/wp-content\/uploads\/header-unternehmen-desktop.jpg&quot;); background-repeat: no-repeat; background-attachment: scroll; background-position: center center; background-size: cover;\"><\/span><span data-fg-bg=\"{&quot;type&quot;:&quot;image&quot;,&quot;opacity&quot;:&quot;1&quot;,&quot;url&quot;:&quot;https:\\\/\\\/www.binkert.com\\\/wp-content\\\/uploads\\\/header-unternehmen-mobile.jpg&quot;,&quot;size&quot;:&quot;cover&quot;,&quot;repeat&quot;:&quot;no-repeat&quot;,&quot;attachment&quot;:&quot;scroll&quot;,&quot;hidden_sm&quot;:&quot;yes&quot;,&quot;hidden_md&quot;:&quot;yes&quot;,&quot;hidden_lg&quot;:&quot;yes&quot;,&quot;position&quot;:&quot;center center&quot;}\" class=\"fg-bg-layer fg-bg-type-image hidden-sm hidden-md hidden-lg\" style=\"opacity: 1; background-image: url(&quot;https:\/\/www.binkert.com\/wp-content\/uploads\/header-unternehmen-mobile.jpg&quot;); background-repeat: no-repeat; background-attachment: scroll; background-position: center center; background-size: cover;\"><\/span><\/span><div class=\"fg-container container fg-container-large fg-container-lvl--1 \"><div class=\"fg-row row    \" ><div class=\"ffb-id-3u68l67g fg-col col-xs-12 col-md-12 fg-text-dark\"><\/div><\/div><\/div><\/section><style><\/style><script type=\"text\/javascript\"><\/script><section class=\"ffb-id-3tfuftsd fg-section fg-el-has-bg fg-text-dark\" data-test=\"testik\" id=\"Intro\"><span class=\"fg-bg\"><span data-fg-bg=\"{&quot;type&quot;:&quot;color&quot;,&quot;opacity&quot;:1,&quot;color&quot;:&quot;#ffffff&quot;}\" class=\"fg-bg-layer fg-bg-type-color \" style=\"opacity: 1; background-color: #ffffff;\"><\/span><\/span><div class=\"ffb-id-3tfuftse fg-container container fg-container-large fg-container-lvl--1  fg-text-dark\"><div class=\"ffb-id-3tfuftsq fg-row row     fg-text-dark\"><div class=\"ffb-id-3tfuftt0 fg-col col-xs-12 col-md-12 fg-text-dark\"><section class=\"ffb-id-3tfuftt3 section-heading fg-text-dark\"><h2 class=\"fg-text-dark ffb-h2-1\">Mentions l\u00e9gales<\/h2><div class=\"divider fg-text-dark ffb-divider-2\"><\/div><\/section><h3 class=\"ffb-id-6ku7qpat fg-heading text-center    fg-text-dark\">Coordonn\u00e9es<\/h3><div class=\"ffb-id-3v2kqeuk fg-paragraph ff-richtext text-center    fg-text-dark\"><\/p>\n<p>Josef Binkert AG<br \/>Grabenstrasse 1<br \/>CH-8304 Wallisellen<\/p>\n<p>+41 44 832 55 55 phone<\/p>\n<p>inf&#111;&#64;&#98;&#x69;&#x6e;&#x6b;&#x65;&#x72;&#x74;&#46;co&#109;<br \/>www.binkert.com<\/p>\n<p><\/div><h3 class=\"ffb-id-3v2kq3ue fg-heading text-center    fg-text-dark\">Informations commerciales<\/h3><div class=\"ffb-id-6ku7ronh fg-paragraph ff-richtext text-center    fg-text-dark\"><\/p>\n<p>Directeur G&eacute;n&eacute;ral: Christoph Allemann<\/p>\n<p>Si&egrave;ge social: CH-8304 Wallisellen<br \/>Num&eacute;ro de TVA: CHE-101.929.181 MWST<br \/>Num&eacute;ro du registre du commerce: CH-020.3.903.370-0<br \/>Office du registre du commerce: Registre du commerce du canton de Zurich<\/p>\n<p><\/div><h3 class=\"ffb-id-6ku7v93h fg-heading text-center    fg-text-dark\">Exclusion de responsabilit\u00e9<\/h3><div class=\"ffb-id-6ku7vqes fg-paragraph ff-richtext text-center    fg-text-dark\"><\/p>\n<p>L&rsquo;auteur n&rsquo;assume aucune responsabilit&eacute; quant &agrave; la pertinence, l&rsquo;exactitude, l&rsquo;actualit&eacute;, la fiabilit&eacute; et l&rsquo;exhaustivit&eacute; des informations fournies. Toute pr&eacute;tention en responsabilit&eacute; &agrave; l&rsquo;encontre de l&rsquo;auteur pour des dommages mat&eacute;riels ou immat&eacute;riels r&eacute;sultant de l&rsquo;acc&egrave;s, de l&rsquo;utilisation ou de la non utilisation des informations publi&eacute;es, d&rsquo;un usage abusif de la connexion ou d&rsquo;une d&eacute;faillance technique, est exclue. Toutes les offres sont sans engagement. L&rsquo;auteur se r&eacute;serve express&eacute;ment le droit de modifier, de compl&eacute;ter ou de supprimer des parties des pages de l&rsquo;offre ou l&rsquo;int&eacute;gralit&eacute; de celle-ci sans aucun pr&eacute;avis, ou de stopper temporairement ou d&eacute;finitivement la publication.<\/p>\n<p><\/div><h3 class=\"ffb-id-6ku82dk5 fg-heading text-center    fg-text-dark\">Responsabilit\u00e9 pour les liens vers des sites externes<\/h3><div class=\"ffb-id-6ku7sva1 fg-paragraph ff-richtext text-center    fg-text-dark\"><\/p>\n<p>Les renvois et les liens vers des sites Internet externes se situent en dehors du champ de responsabilit&eacute; de l&rsquo;auteur. Celui-ci d&eacute;cline toute responsabilit&eacute; pour de tels sites Internet. L&rsquo;acc&egrave;s et l&rsquo;utilisation de tels sites Internet se font aux risques et p&eacute;rils de l&rsquo;utilisatrice ou de l&rsquo;utilisateur.<\/p>\n<p><\/div><h3 class=\"ffb-id-6ku83vfu fg-heading text-center    fg-text-dark\">Droits d\u2019auteur<\/h3><div class=\"ffb-id-6ku846nt fg-paragraph ff-richtext text-center    fg-text-dark\"><\/p>\n<p>Les droits d&rsquo;auteur et tous les autres droits aux contenus, aux images, aux photographies ou aux autres donn&eacute;es figurant sur le site Internet sont la propri&eacute;t&eacute; exclusive de l'entreprise Josef Binkert SA ou de ses ayants droit sp&eacute;cialement d&eacute;sign&eacute;s &agrave; cet effet. La reproduction de tout &eacute;l&eacute;ment n&eacute;cessite l&rsquo;accord &eacute;crit pr&eacute;alable des d&eacute;tenteurs des droits d&rsquo;auteur.<\/p>\n<p><\/div><h3 class=\"ffb-id-6ku7son9 fg-heading text-center    fg-text-dark\">Protection des donn\u00e9es<\/h3><div class=\"ffb-id-6ku82l3h fg-paragraph ff-richtext text-center    fg-text-dark\"><\/p>\n<p>Conform&eacute;ment &agrave; l&rsquo;article 13 de la Constitution f&eacute;d&eacute;rale suisse et aux dispositions de droit f&eacute;d&eacute;ral sur la protection des donn&eacute;es (loi sur la protection des donn&eacute;es, LPD), toute personne a droit &agrave; la protection de sa vie priv&eacute;e ainsi qu&rsquo;&agrave; la protection contre l&rsquo;emploi abusif des donn&eacute;es qui la concernent. Nous observons ces dispositions. Les donn&eacute;es personnelles sont trait&eacute;es de fa&ccedil;on strictement confidentielle et ne sont ni vendues, ni transmises &agrave; des tiers. En &eacute;troite collaboration avec nos h&eacute;bergeurs de sites, nous nous effor&ccedil;ons de prot&eacute;ger les bases de donn&eacute;es le mieux possible contre des acc&egrave;s non autoris&eacute;s, des pertes, des abus ou des falsifications. Lors de l&rsquo;acc&egrave;s &agrave; notre site Internet, les donn&eacute;es suivantes sont enregistr&eacute;es: l'adresse IP, la date, l&rsquo;heure, la requ&ecirc;te envoy&eacute;e par le navigateur ainsi que les informations g&eacute;n&eacute;ralement transmises, relatives au syst&egrave;me d&rsquo;exploitation ou au navigateur. Ces donn&eacute;es d&rsquo;utilisation constituent la base d&rsquo;&eacute;valuations statistiques anonymes, afin de d&eacute;gager des tendances &agrave; l&rsquo;aide desquelles nous pourrons am&eacute;liorer nos offres.<\/p>\n<p><\/div><h3 class=\"ffb-id-6ku85m5a fg-heading text-center    fg-text-dark\">R\u00e8gles de confidentialit\u00e9 relatives \u00e0 l\u2019utilisation de Google Analytics<\/h3><div class=\"ffb-id-6ku85qve fg-paragraph ff-richtext text-center    fg-text-dark\"><\/p>\n<p>Le pr&eacute;sent site Internet utilise Google Analytics, un outil d&rsquo;analyse d&rsquo;audience Internet con&ccedil;u par Google Inc. (&laquo;Google&raquo;). Google Analytics utilise des cookies, des fichiers texte enregistr&eacute;s sur votre ordinateur, pour aider le site Internet &agrave; analyser l&rsquo;utilisation du site par ses utilisateurs. En r&egrave;gle g&eacute;n&eacute;rale, les informations g&eacute;n&eacute;r&eacute;es par les cookies sur votre utilisation de ce site Internet sont transmises &agrave; un serveur de Google situ&eacute; aux Etats-Unis pour y &ecirc;tre enregistr&eacute;es. Si l&rsquo;anonymisation de l&rsquo;adresse IP a &eacute;t&eacute; activ&eacute;e sur ce site Internet, Google abr&egrave;ge toutefois pr&eacute;alablement votre adresse IP si vous r&eacute;sidez dans un Etat membre de l&rsquo;Union europ&eacute;enne ou dans les autres Etats membres de l&rsquo;accord sur l&rsquo;Espace &eacute;conomique europ&eacute;en. L&rsquo;adresse IP compl&egrave;te ne sera transmise qu&rsquo;exceptionnellement &agrave; un serveur de Google aux Etats-Unis pour y &ecirc;tre abr&eacute;g&eacute;e. Google utilisera ces informations pour analyser votre utilisation du site Internet, pour r&eacute;aliser des rapports concernant les activit&eacute;s du site Internet &agrave; l&rsquo;attention des exploitants du site Internet et fournir d&rsquo;autres prestations li&eacute;es &agrave; l&rsquo;utilisation du site Internet et d&rsquo;Internet. Le cas &eacute;ch&eacute;ant, Google pourra &eacute;galement transf&eacute;rer ces informations &agrave; des tiers, si cela est requis par la loi ou si des tiers traitent ces donn&eacute;es pour le compte de Google. L&rsquo;adresse IP transmise par votre navigateur dans le cadre de Google Analytics ne sera pas associ&eacute;e avec d&rsquo;autres donn&eacute;es de Google. Vous avez la possibilit&eacute; d&rsquo;emp&ecirc;cher l&rsquo;installation des cookies en ajustant les param&egrave;tres de votre navigateur; toutefois, nous vous rappelons que vous pouvez le cas &eacute;ch&eacute;ant, ne pas &ecirc;tre en mesure d&rsquo;utiliser l&rsquo;int&eacute;gralit&eacute; des fonctions de ce site Internet. En utilisant ce site Internet, vous donnez votre accord au traitement des donn&eacute;es collect&eacute;es sur vous par Google, de la mani&egrave;re d&eacute;crite pr&eacute;c&eacute;demment ainsi que dans le but pr&eacute;cit&eacute;.<\/p>\n<p><\/div><h3 class=\"ffb-id-74ckug85 fg-heading text-center    fg-text-dark\">Utilisation de la technologie SalesViewer<\/h3><div class=\"ffb-id-74ckuink fg-paragraph ff-richtext text-center    fg-text-dark\"><\/p>\n<p>Sur ce site Web, la technologie SalesViewer&reg; de SalesViewer&reg; GmbH permet de collecter et d'enregistrer des donn&eacute;es &agrave; des fins de marketing, d'&eacute;tude de march&eacute; et d'optimisation sur la base des int&eacute;r&ecirc;ts l&eacute;gitimes de l'exploitant du site Web (art. 6, al. 1, let. f du RGPD).<\/p>\n<p>Pour ce faire, un code bas&eacute; sur javascript est utilis&eacute; pour collecter des donn&eacute;es relatives &agrave; l'entreprise et &agrave; l'utilisation correspondante. Les donn&eacute;es collect&eacute;es &agrave; l'aide de cette technologie sont crypt&eacute;es &agrave; l'aide d'une fonction &agrave; sens unique non recalculable (appel&eacute;e \"hashing\"). Les donn&eacute;es sont imm&eacute;diatement pseudonymis&eacute;es et ne sont pas utilis&eacute;es pour identifier personnellement le visiteur de ce site web.<\/p>\n<p>Les donn&eacute;es enregistr&eacute;es dans le cadre de Salesviewer sont supprim&eacute;es d&egrave;s qu'elles ne sont plus n&eacute;cessaires &agrave; leur finalit&eacute; et qu'aucune obligation l&eacute;gale de conservation ne s'oppose &agrave; leur suppression.<\/p>\n<p>Vous pouvez &agrave; tout moment vous opposer &agrave; la collecte et &agrave; l'enregistrement des donn&eacute;es avec effet pour l'avenir en cliquant sur ce lien https:\/\/www.salesviewer.com\/opt-out pour emp&ecirc;cher &agrave; l'avenir la saisie par SalesViewer&reg; sur ce site web. Un cookie d'opt-out pour ce site web est alors d&eacute;pos&eacute; sur votre appareil. Si vous supprimez vos cookies dans ce navigateur, vous devez cliquer &agrave; nouveau sur ce lien.<\/p>\n<p><\/div><\/div><\/div><\/div><\/section><style>.ffb-id-3tfuftse{ padding-top: 50px;padding-bottom: 40px;}@media (min-width:992px) { .ffb-id-3tfuftse{ padding-top: 67px;padding-bottom: 60px;}}.ffb-id-74ckuink{ margin-bottom: 50px;}@media (min-width:768px) { .ffb-id-74ckuink{ margin-bottom: 50px;}}@media (min-width:992px) { .ffb-id-74ckuink{ margin-bottom: 50px;}}@media (min-width:1200px) { .ffb-id-74ckuink{ margin-bottom: 50px;}}.ffb-id-6ku85qve{ margin-bottom: 50px;}@media (min-width:768px) { .ffb-id-6ku85qve{ margin-bottom: 50px;}}@media (min-width:992px) { .ffb-id-6ku85qve{ margin-bottom: 50px;}}@media (min-width:1200px) { .ffb-id-6ku85qve{ margin-bottom: 50px;}}.ffb-id-6ku82l3h{ margin-bottom: 50px;}@media (min-width:768px) { .ffb-id-6ku82l3h{ margin-bottom: 50px;}}@media (min-width:992px) { .ffb-id-6ku82l3h{ margin-bottom: 50px;}}@media (min-width:1200px) { .ffb-id-6ku82l3h{ margin-bottom: 50px;}}.ffb-id-6ku846nt{ margin-bottom: 50px;}@media (min-width:768px) { .ffb-id-6ku846nt{ margin-bottom: 50px;}}@media (min-width:992px) { .ffb-id-6ku846nt{ margin-bottom: 50px;}}@media (min-width:1200px) { .ffb-id-6ku846nt{ margin-bottom: 50px;}}.ffb-id-6ku7sva1{ margin-bottom: 50px;}@media (min-width:768px) { .ffb-id-6ku7sva1{ margin-bottom: 50px;}}@media (min-width:992px) { .ffb-id-6ku7sva1{ margin-bottom: 50px;}}@media (min-width:1200px) { .ffb-id-6ku7sva1{ margin-bottom: 50px;}}.ffb-id-6ku7vqes{ margin-bottom: 50px;}@media (min-width:768px) { .ffb-id-6ku7vqes{ margin-bottom: 50px;}}@media (min-width:992px) { .ffb-id-6ku7vqes{ margin-bottom: 50px;}}@media (min-width:1200px) { .ffb-id-6ku7vqes{ margin-bottom: 50px;}}.ffb-id-6ku7ronh{ margin-bottom: 50px;}@media (min-width:768px) { .ffb-id-6ku7ronh{ margin-bottom: 50px;}}@media (min-width:992px) { .ffb-id-6ku7ronh{ margin-bottom: 50px;}}@media (min-width:1200px) { .ffb-id-6ku7ronh{ margin-bottom: 50px;}}.ffb-id-3v2kqeuk{ margin-bottom: 50px;}@media (min-width:768px) { .ffb-id-3v2kqeuk{ margin-bottom: 50px;}}@media (min-width:992px) { .ffb-id-3v2kqeuk{ margin-bottom: 50px;}}@media (min-width:1200px) { .ffb-id-3v2kqeuk{ margin-bottom: 50px;}}.ffb-id-3tfuftt3 .ffb-h2-1 ,.ffb-id-3tfuftt3 .ffb-h2-1:before,.ffb-id-3tfuftt3 .ffb-h2-1:after,.ffb-id-3tfuftt3 .ffb-h2-1 *,.ffb-id-3tfuftt3 .ffb-h2-1 *:before,.ffb-id-3tfuftt3 .ffb-h2-1 *:after{ color: #cb333b !important;}.ffb-id-3tfuftt3 .ffb-h2-1{ font-family: 'Montserrat', Arial, sans-serif !important;}.ffb-id-3tfuftt3 .ffb-h2-1:before,.ffb-id-3tfuftt3 .ffb-h2-1:after,.ffb-id-3tfuftt3 .ffb-h2-1:hover,.ffb-id-3tfuftt3 .ffb-h2-1:focus,.ffb-id-3tfuftt3 .ffb-h2-1 *,.ffb-id-3tfuftt3 .ffb-h2-1 *:before,.ffb-id-3tfuftt3 .ffb-h2-1 *:after,.ffb-id-3tfuftt3 .ffb-h2-1 *:hover,.ffb-id-3tfuftt3 .ffb-h2-1 *:focus{ font-family: 'Montserrat', Arial, sans-serif !important;}.ffb-id-3tfuftt3 .ffb-h2-1{ font-size: 25px !important;font-weight: 600 !important;}.ffb-id-3tfuftt3 .ffb-h2-1 ,.ffb-id-3tfuftt3 .ffb-h2-1:before,.ffb-id-3tfuftt3 .ffb-h2-1:after,.ffb-id-3tfuftt3 .ffb-h2-1:hover,.ffb-id-3tfuftt3 .ffb-h2-1:focus,.ffb-id-3tfuftt3 .ffb-h2-1 *,.ffb-id-3tfuftt3 .ffb-h2-1 *:before,.ffb-id-3tfuftt3 .ffb-h2-1 *:after,.ffb-id-3tfuftt3 .ffb-h2-1 *:hover,.ffb-id-3tfuftt3 .ffb-h2-1 *:focus{ font-size: 25px !important;font-weight: 600 !important;}@media (min-width:992px) { .ffb-id-3tfuftt3 .ffb-h2-1{ font-size: 28px !important;}}@media (min-width:992px) { .ffb-id-3tfuftt3 .ffb-h2-1 ,.ffb-id-3tfuftt3 .ffb-h2-1:before,.ffb-id-3tfuftt3 .ffb-h2-1:after,.ffb-id-3tfuftt3 .ffb-h2-1:hover,.ffb-id-3tfuftt3 .ffb-h2-1:focus,.ffb-id-3tfuftt3 .ffb-h2-1 *,.ffb-id-3tfuftt3 .ffb-h2-1 *:before,.ffb-id-3tfuftt3 .ffb-h2-1 *:after,.ffb-id-3tfuftt3 .ffb-h2-1 *:hover,.ffb-id-3tfuftt3 .ffb-h2-1 *:focus{ font-size: 28px !important;}}.ffb-id-3tfuftt3{ margin-bottom: 20px;}<\/style><script type=\"text\/javascript\"><\/script><\/p>\n","protected":false},"excerpt":{"rendered":"","protected":false},"author":1,"featured_media":6659,"parent":6837,"menu_order":1,"comment_status":"closed","ping_status":"closed","template":"","meta":{"footnotes":""},"class_list":["post-6836","page","type-page","status-publish","has-post-thumbnail","hentry","post-wrapper"],"yoast_head":"<!-- This site is optimized with the Yoast SEO plugin v27.4 - https:\/\/yoast.com\/product\/yoast-seo-wordpress\/ -->\n<title>Mentions l\u00e9gales - Josef Binkert AG<\/title>\n<meta name=\"robots\" content=\"index, follow, max-snippet:-1, max-image-preview:large, max-video-preview:-1\" \/>\n<link rel=\"canonical\" href=\"https:\/\/www.binkert.com\/fr\/entreprise\/mentions-legales\/\" \/>\n<meta property=\"og:locale\" content=\"fr_FR\" \/>\n<meta property=\"og:type\" content=\"article\" \/>\n<meta property=\"og:title\" content=\"Mentions l\u00e9gales - Josef Binkert AG\" \/>\n<meta property=\"og:url\" content=\"https:\/\/www.binkert.com\/fr\/entreprise\/mentions-legales\/\" \/>\n<meta property=\"og:site_name\" content=\"Josef Binkert AG\" \/>\n<meta property=\"article:modified_time\" content=\"2026-03-18T10:38:52+00:00\" \/>\n<meta property=\"og:image\" content=\"https:\/\/www.binkert.com\/wp-content\/uploads\/G8-2.png\" \/>\n\t<meta property=\"og:image:width\" content=\"604\" \/>\n\t<meta property=\"og:image:height\" content=\"440\" \/>\n\t<meta property=\"og:image:type\" content=\"image\/png\" \/>\n<meta name=\"twitter:card\" content=\"summary_large_image\" \/>\n<meta name=\"twitter:label1\" content=\"Dur\u00e9e de lecture estim\u00e9e\" \/>\n\t<meta name=\"twitter:data1\" content=\"7 minutes\" \/>\n<script type=\"application\/ld+json\" class=\"yoast-schema-graph\">{\"@context\":\"https:\\\/\\\/schema.org\",\"@graph\":[{\"@type\":\"WebPage\",\"@id\":\"https:\\\/\\\/www.binkert.com\\\/fr\\\/entreprise\\\/mentions-legales\\\/\",\"url\":\"https:\\\/\\\/www.binkert.com\\\/fr\\\/entreprise\\\/mentions-legales\\\/\",\"name\":\"Mentions l\u00e9gales - Josef Binkert AG\",\"isPartOf\":{\"@id\":\"https:\\\/\\\/www.binkert.com\\\/fr\\\/#website\"},\"primaryImageOfPage\":{\"@id\":\"https:\\\/\\\/www.binkert.com\\\/fr\\\/entreprise\\\/mentions-legales\\\/#primaryimage\"},\"image\":{\"@id\":\"https:\\\/\\\/www.binkert.com\\\/fr\\\/entreprise\\\/mentions-legales\\\/#primaryimage\"},\"thumbnailUrl\":\"https:\\\/\\\/www.binkert.com\\\/wp-content\\\/uploads\\\/G8-2.png\",\"datePublished\":\"2023-04-26T08:59:45+00:00\",\"dateModified\":\"2026-03-18T10:38:52+00:00\",\"breadcrumb\":{\"@id\":\"https:\\\/\\\/www.binkert.com\\\/fr\\\/entreprise\\\/mentions-legales\\\/#breadcrumb\"},\"inLanguage\":\"fr-FR\",\"potentialAction\":[{\"@type\":\"ReadAction\",\"target\":[\"https:\\\/\\\/www.binkert.com\\\/fr\\\/entreprise\\\/mentions-legales\\\/\"]}]},{\"@type\":\"ImageObject\",\"inLanguage\":\"fr-FR\",\"@id\":\"https:\\\/\\\/www.binkert.com\\\/fr\\\/entreprise\\\/mentions-legales\\\/#primaryimage\",\"url\":\"https:\\\/\\\/www.binkert.com\\\/wp-content\\\/uploads\\\/G8-2.png\",\"contentUrl\":\"https:\\\/\\\/www.binkert.com\\\/wp-content\\\/uploads\\\/G8-2.png\",\"width\":604,\"height\":440},{\"@type\":\"BreadcrumbList\",\"@id\":\"https:\\\/\\\/www.binkert.com\\\/fr\\\/entreprise\\\/mentions-legales\\\/#breadcrumb\",\"itemListElement\":[{\"@type\":\"ListItem\",\"position\":1,\"name\":\"Startseite\",\"item\":\"https:\\\/\\\/www.binkert.com\\\/fr\\\/\"},{\"@type\":\"ListItem\",\"position\":2,\"name\":\"Entreprise\",\"item\":\"https:\\\/\\\/www.binkert.com\\\/fr\\\/entreprise\\\/\"},{\"@type\":\"ListItem\",\"position\":3,\"name\":\"Mentions l\u00e9gales\"}]},{\"@type\":\"WebSite\",\"@id\":\"https:\\\/\\\/www.binkert.com\\\/fr\\\/#website\",\"url\":\"https:\\\/\\\/www.binkert.com\\\/fr\\\/\",\"name\":\"Josef Binkert AG\",\"description\":\"Damit Sie pr\u00e4zise, produktiv und kosteneffizient produzieren k\u00f6nnen, brauchen Sie modernste Fertigungsl\u00f6sungen. Als Schweizerisches Familienunternehmen mit einer \u00fcber 100-j\u00e4hrigen Tradition und Exklusivvertreterin f\u00fchrender europ\u00e4ischen und asiatischen Herstellern von CNC-Maschinen und Automationsl\u00f6sungen finden wir die massgeschneiderte Fertigungsl\u00f6sung f\u00fcr Sie.\",\"publisher\":{\"@id\":\"https:\\\/\\\/www.binkert.com\\\/fr\\\/#organization\"},\"potentialAction\":[{\"@type\":\"SearchAction\",\"target\":{\"@type\":\"EntryPoint\",\"urlTemplate\":\"https:\\\/\\\/www.binkert.com\\\/fr\\\/?s={search_term_string}\"},\"query-input\":{\"@type\":\"PropertyValueSpecification\",\"valueRequired\":true,\"valueName\":\"search_term_string\"}}],\"inLanguage\":\"fr-FR\"},{\"@type\":\"Organization\",\"@id\":\"https:\\\/\\\/www.binkert.com\\\/fr\\\/#organization\",\"name\":\"Josef Binkert AG\",\"url\":\"https:\\\/\\\/www.binkert.com\\\/fr\\\/\",\"logo\":{\"@type\":\"ImageObject\",\"inLanguage\":\"fr-FR\",\"@id\":\"https:\\\/\\\/www.binkert.com\\\/fr\\\/#\\\/schema\\\/logo\\\/image\\\/\",\"url\":\"https:\\\/\\\/www.binkert.com\\\/wp-content\\\/uploads\\\/SMI-rgb.svg\",\"contentUrl\":\"https:\\\/\\\/www.binkert.com\\\/wp-content\\\/uploads\\\/SMI-rgb.svg\",\"width\":\"1024\",\"height\":\"1024\",\"caption\":\"Josef Binkert AG\"},\"image\":{\"@id\":\"https:\\\/\\\/www.binkert.com\\\/fr\\\/#\\\/schema\\\/logo\\\/image\\\/\"},\"sameAs\":[\"https:\\\/\\\/www.linkedin.com\\\/company\\\/josef-binkert-ag\\\/\",\"https:\\\/\\\/www.youtube.com\\\/channel\\\/UCG8l-uJ03s2CHuLcJlheCHw?app=desktop\"]}]}<\/script>\n<!-- \/ Yoast SEO plugin. -->","yoast_head_json":{"title":"Mentions l\u00e9gales - Josef Binkert AG","robots":{"index":"index","follow":"follow","max-snippet":"max-snippet:-1","max-image-preview":"max-image-preview:large","max-video-preview":"max-video-preview:-1"},"canonical":"https:\/\/www.binkert.com\/fr\/entreprise\/mentions-legales\/","og_locale":"fr_FR","og_type":"article","og_title":"Mentions l\u00e9gales - Josef Binkert AG","og_url":"https:\/\/www.binkert.com\/fr\/entreprise\/mentions-legales\/","og_site_name":"Josef Binkert AG","article_modified_time":"2026-03-18T10:38:52+00:00","og_image":[{"width":604,"height":440,"url":"https:\/\/www.binkert.com\/wp-content\/uploads\/G8-2.png","type":"image\/png"}],"twitter_card":"summary_large_image","twitter_misc":{"Dur\u00e9e de lecture estim\u00e9e":"7 minutes"},"schema":{"@context":"https:\/\/schema.org","@graph":[{"@type":"WebPage","@id":"https:\/\/www.binkert.com\/fr\/entreprise\/mentions-legales\/","url":"https:\/\/www.binkert.com\/fr\/entreprise\/mentions-legales\/","name":"Mentions l\u00e9gales - Josef Binkert AG","isPartOf":{"@id":"https:\/\/www.binkert.com\/fr\/#website"},"primaryImageOfPage":{"@id":"https:\/\/www.binkert.com\/fr\/entreprise\/mentions-legales\/#primaryimage"},"image":{"@id":"https:\/\/www.binkert.com\/fr\/entreprise\/mentions-legales\/#primaryimage"},"thumbnailUrl":"https:\/\/www.binkert.com\/wp-content\/uploads\/G8-2.png","datePublished":"2023-04-26T08:59:45+00:00","dateModified":"2026-03-18T10:38:52+00:00","breadcrumb":{"@id":"https:\/\/www.binkert.com\/fr\/entreprise\/mentions-legales\/#breadcrumb"},"inLanguage":"fr-FR","potentialAction":[{"@type":"ReadAction","target":["https:\/\/www.binkert.com\/fr\/entreprise\/mentions-legales\/"]}]},{"@type":"ImageObject","inLanguage":"fr-FR","@id":"https:\/\/www.binkert.com\/fr\/entreprise\/mentions-legales\/#primaryimage","url":"https:\/\/www.binkert.com\/wp-content\/uploads\/G8-2.png","contentUrl":"https:\/\/www.binkert.com\/wp-content\/uploads\/G8-2.png","width":604,"height":440},{"@type":"BreadcrumbList","@id":"https:\/\/www.binkert.com\/fr\/entreprise\/mentions-legales\/#breadcrumb","itemListElement":[{"@type":"ListItem","position":1,"name":"Startseite","item":"https:\/\/www.binkert.com\/fr\/"},{"@type":"ListItem","position":2,"name":"Entreprise","item":"https:\/\/www.binkert.com\/fr\/entreprise\/"},{"@type":"ListItem","position":3,"name":"Mentions l\u00e9gales"}]},{"@type":"WebSite","@id":"https:\/\/www.binkert.com\/fr\/#website","url":"https:\/\/www.binkert.com\/fr\/","name":"Josef Binkert AG","description":"Damit Sie pr\u00e4zise, produktiv und kosteneffizient produzieren k\u00f6nnen, brauchen Sie modernste Fertigungsl\u00f6sungen. Als Schweizerisches Familienunternehmen mit einer \u00fcber 100-j\u00e4hrigen Tradition und Exklusivvertreterin f\u00fchrender europ\u00e4ischen und asiatischen Herstellern von CNC-Maschinen und Automationsl\u00f6sungen finden wir die massgeschneiderte Fertigungsl\u00f6sung f\u00fcr Sie.","publisher":{"@id":"https:\/\/www.binkert.com\/fr\/#organization"},"potentialAction":[{"@type":"SearchAction","target":{"@type":"EntryPoint","urlTemplate":"https:\/\/www.binkert.com\/fr\/?s={search_term_string}"},"query-input":{"@type":"PropertyValueSpecification","valueRequired":true,"valueName":"search_term_string"}}],"inLanguage":"fr-FR"},{"@type":"Organization","@id":"https:\/\/www.binkert.com\/fr\/#organization","name":"Josef Binkert AG","url":"https:\/\/www.binkert.com\/fr\/","logo":{"@type":"ImageObject","inLanguage":"fr-FR","@id":"https:\/\/www.binkert.com\/fr\/#\/schema\/logo\/image\/","url":"https:\/\/www.binkert.com\/wp-content\/uploads\/SMI-rgb.svg","contentUrl":"https:\/\/www.binkert.com\/wp-content\/uploads\/SMI-rgb.svg","width":"1024","height":"1024","caption":"Josef Binkert AG"},"image":{"@id":"https:\/\/www.binkert.com\/fr\/#\/schema\/logo\/image\/"},"sameAs":["https:\/\/www.linkedin.com\/company\/josef-binkert-ag\/","https:\/\/www.youtube.com\/channel\/UCG8l-uJ03s2CHuLcJlheCHw?app=desktop"]}]}},"_links":{"self":[{"href":"https:\/\/www.binkert.com\/fr\/wp-json\/wp\/v2\/pages\/6836","targetHints":{"allow":["GET"]}}],"collection":[{"href":"https:\/\/www.binkert.com\/fr\/wp-json\/wp\/v2\/pages"}],"about":[{"href":"https:\/\/www.binkert.com\/fr\/wp-json\/wp\/v2\/types\/page"}],"author":[{"embeddable":true,"href":"https:\/\/www.binkert.com\/fr\/wp-json\/wp\/v2\/users\/1"}],"replies":[{"embeddable":true,"href":"https:\/\/www.binkert.com\/fr\/wp-json\/wp\/v2\/comments?post=6836"}],"version-history":[{"count":10,"href":"https:\/\/www.binkert.com\/fr\/wp-json\/wp\/v2\/pages\/6836\/revisions"}],"predecessor-version":[{"id":16619,"href":"https:\/\/www.binkert.com\/fr\/wp-json\/wp\/v2\/pages\/6836\/revisions\/16619"}],"up":[{"embeddable":true,"href":"https:\/\/www.binkert.com\/fr\/wp-json\/wp\/v2\/pages\/6837"}],"wp:featuredmedia":[{"embeddable":true,"href":"https:\/\/www.binkert.com\/fr\/wp-json\/wp\/v2\/media\/6659"}],"wp:attachment":[{"href":"https:\/\/www.binkert.com\/fr\/wp-json\/wp\/v2\/media?parent=6836"}],"curies":[{"name":"wp","href":"https:\/\/api.w.org\/{rel}","templated":true}]}}