{"id":6990,"date":"2023-04-26T14:03:53","date_gmt":"2023-04-26T13:03:37","guid":{"rendered":"https:\/\/www.binkert.com\/unternehmen\/geschichte-2\/"},"modified":"2025-01-14T09:37:29","modified_gmt":"2025-01-14T08:37:29","slug":"histoire","status":"publish","type":"page","link":"https:\/\/www.binkert.com\/fr\/entreprise\/histoire\/","title":{"rendered":"Histoire"},"content":{"rendered":"<p><section class=\"ffb-id-3u68l67f fg-section fg-el-has-bg header-small fg-text-dark\"><span class=\"fg-bg\"><span data-fg-bg=\"{&quot;type&quot;:&quot;image&quot;,&quot;opacity&quot;:&quot;1&quot;,&quot;url&quot;:&quot;https:\\\/\\\/www.binkert.com\\\/wp-content\\\/uploads\\\/BINKERT_FDMM_OLD_INTERNET.-1.jpg&quot;,&quot;size&quot;:&quot;cover&quot;,&quot;repeat&quot;:&quot;no-repeat&quot;,&quot;attachment&quot;:&quot;scroll&quot;,&quot;hidden_xs&quot;:&quot;yes&quot;,&quot;position&quot;:&quot;center center&quot;}\" class=\"fg-bg-layer fg-bg-type-image hidden-xs\" style=\"opacity: 1; background-image: url(&quot;https:\/\/www.binkert.com\/wp-content\/uploads\/BINKERT_FDMM_OLD_INTERNET.-1.jpg&quot;); background-repeat: no-repeat; background-attachment: scroll; background-position: center center; background-size: cover;\"><\/span><span data-fg-bg=\"{&quot;type&quot;:&quot;image&quot;,&quot;opacity&quot;:&quot;1&quot;,&quot;url&quot;:&quot;https:\\\/\\\/www.binkert.com\\\/wp-content\\\/uploads\\\/Binkert-alt.jpg&quot;,&quot;size&quot;:&quot;cover&quot;,&quot;repeat&quot;:&quot;no-repeat&quot;,&quot;attachment&quot;:&quot;scroll&quot;,&quot;hidden_sm&quot;:&quot;yes&quot;,&quot;hidden_md&quot;:&quot;yes&quot;,&quot;hidden_lg&quot;:&quot;yes&quot;,&quot;position&quot;:&quot;center center&quot;}\" class=\"fg-bg-layer fg-bg-type-image hidden-sm hidden-md hidden-lg\" style=\"opacity: 1; background-image: url(&quot;https:\/\/www.binkert.com\/wp-content\/uploads\/Binkert-alt.jpg&quot;); background-repeat: no-repeat; background-attachment: scroll; background-position: center center; background-size: cover;\"><\/span><\/span><div class=\"fg-container container fg-container-large fg-container-lvl--1 \"><div class=\"fg-row row    \" ><div class=\"ffb-id-3u68l67g fg-col col-xs-12 col-md-12 fg-text-dark\"><\/div><\/div><\/div><\/section><style><\/style><script type=\"text\/javascript\"><\/script><section class=\"ffb-id-3tfuftsd fg-section fg-el-has-bg fg-text-dark\" data-test=\"testik\" id=\"Intro\"><span class=\"fg-bg\"><span data-fg-bg=\"{&quot;type&quot;:&quot;color&quot;,&quot;opacity&quot;:1,&quot;color&quot;:&quot;#ffffff&quot;}\" class=\"fg-bg-layer fg-bg-type-color \" style=\"opacity: 1; background-color: #ffffff;\"><\/span><\/span><div class=\"ffb-id-3tfuftse fg-container container fg-container-large fg-container-lvl--1  fg-text-dark\"><div class=\"ffb-id-3tfuftsq fg-row row     fg-text-dark\"><div class=\"ffb-id-3tfuftt0 fg-col col-xs-12 col-md-12 fg-text-dark\"><section class=\"ffb-id-3tfuftt3 section-heading fg-text-dark\"><h2 class=\"fg-text-dark ffb-h2-1\">Histoire Josef Binkert SA<\/h2><div class=\"divider fg-text-dark ffb-divider-2\"><\/div><\/section><div class=\"ffb-id-3v2kqeuk fg-paragraph ff-richtext text-center    fg-text-dark\"><\/p>\n<p style=\"text-align: center\">Depuis 70 ans, nous grandissons avec nos clients et nous nous d&eacute;veloppons continuellement afin d'am&eacute;liorer nos prestations. Gr&acirc;ce &agrave; l'extension constante de notre structure d'entreprise, de notre offre de services et de notre portefeuille de produits, nous faisons partie des leaders de la distribution de machines-outils en Suisse.<\/p>\n<p style=\"text-align: center\">&nbsp;<\/p>\n<p><\/div><div class=\"ffb-id-6ku7ronh fg-paragraph ff-richtext text-center    fg-text-dark\"><\/p>\n<p style=\"text-align: left\"><span style=\"color: #cb333b\"><strong>1954&nbsp;|<\/strong> <\/span>Fondation de l'entreprise individuelle Josef Binkert avec si&egrave;ge &agrave; la Bahnhofstrasse pr&egrave;s de la Paradeplatz &agrave; Zurich et reprise de la repr&eacute;sentation exclusive de Liebherr Verzahntechnik GmbH.<\/p>\n<p><\/div><div class=\"ffb-id-6kv5dssl fg-paragraph ff-richtext text-center    fg-text-dark\"><\/p>\n<p style=\"text-align: left\"><span style=\"color: #cb333b\"><strong>1955 |<\/strong> <span style=\"color: #000000\">Acquisition des droits de distribution exclusifs de The Colchester Lathe Co. avec les marques Colchester et Harrison.<\/span><\/span><\/p>\n<p><\/div><div class=\"ffb-id-6kv5g0m0 fg-paragraph ff-richtext text-center    fg-text-dark\"><\/p>\n<p style=\"text-align: left\"><span style=\"color: #cb333b\"><strong>1972 |<\/strong> <\/span>Transformation de l'entreprise individuelle en soci&eacute;t&eacute; anonyme Josef Binkert AG. Josef Binkert est &eacute;lu pr&eacute;sident de la VSMWH (Association suisse du commerce de machines et outils).<\/p>\n<p><\/div><div class=\"ffb-id-6kv60ucr fg-paragraph ff-richtext text-center    fg-text-dark\"><\/p>\n<p style=\"text-align: left\"><span style=\"color: #cb333b\"><strong>1975 |<\/strong> <\/span>Les premi&egrave;res commandes CNC avec m&eacute;moire de programme et fonctions d'&eacute;dition font leur apparition sur le march&eacute;.<\/p>\n<p><\/div><div class=\"ffb-id-6kv7fdsj fg-paragraph ff-richtext text-center    fg-text-dark\"><\/p>\n<p style=\"text-align: left\"><span style=\"color: #cb333b\"><strong>1977 |<\/strong> <\/span>MORI SEIKI confie la repr&eacute;sentation exclusive &agrave; Josef Binkert AG.<\/p>\n<p><\/div><div class=\"ffb-id-6kv7idq2 fg-paragraph ff-richtext text-center    fg-text-dark\"><\/p>\n<p style=\"text-align: left\"><span style=\"color: #cb333b\"><strong>1979 |<\/strong> <\/span>Anniversaire des 25 ans avec visite de toutes les usines de livraison au Japon avec le service des ventes et les chefs de produit.<\/p>\n<p><\/div><div class=\"ffb-id-6kv7jeh2 fg-paragraph ff-richtext text-center    fg-text-dark\"><\/p>\n<p style=\"text-align: left\"><span style=\"color: #cb333b\"><strong>1980 |<\/strong> <\/span>Steuerungen mit Bildschirm und automatischer Werkzeugradiuskompensation gelangen zum Einsatz, unter anderem mit der Fanuc 6T Steuerung auf Drehmaschinen.<\/p>\n<p><\/div><div class=\"ffb-id-6kv7kb4i fg-paragraph ff-richtext text-center    fg-text-dark\"><\/p>\n<p style=\"text-align: left\"><span style=\"color: #cb333b\"><strong>1983 |<\/strong> <\/span>Expansion des commandes CNC Dialog avec graphique. Inauguration et emm&eacute;nagement dans les locaux de l'entreprise sur le nouveau site de Wallisellen.<\/p>\n<p><\/div><div class=\"ffb-id-6kv7lf1r fg-paragraph ff-richtext text-center    fg-text-dark\"><\/p>\n<p style=\"text-align: left\"><span style=\"color: #cb333b\"><strong>1986 |<\/strong> <\/span>Josef Binkert est &eacute;lu &agrave; l'unanimit&eacute; pr&eacute;sident du CELIMO (Comit&eacute; Europ&eacute;en de Liaison des Importateurs de Machines outils).<\/p>\n<p><\/div><div class=\"ffb-id-6kv7ngla fg-paragraph ff-richtext text-center    fg-text-dark\"><\/p>\n<p style=\"text-align: left\"><span style=\"color: #cb333b\"><strong>1998 |<\/strong> <\/span>Reprise de la repr&eacute;sentation exclusive des rectifieuses planes et cylindriques Okamoto<\/p>\n<p><\/div><div class=\"ffb-id-6kv7plq6 fg-paragraph ff-richtext text-center    fg-text-dark\"><\/p>\n<p style=\"text-align: left\"><span style=\"color: #cb333b\"><strong>2007 |<\/strong> <\/span>Cr&eacute;ation de la fondation Josef Binkert AG.<\/p>\n<p><\/div><div class=\"ffb-id-6kv7qj8j fg-paragraph ff-richtext text-center    fg-text-dark\"><\/p>\n<p style=\"text-align: left\"><span style=\"color: #cb333b\"><strong>2009 |<\/strong> <\/span>D&eacute;c&egrave;s du fondateur de l'entreprise, Josef Binkert, &agrave; l'&acirc;ge de 92 ans. Transmission de la direction &agrave; Paulette Binkert.<\/p>\n<p><\/div><div class=\"ffb-id-6kv7rlfa fg-paragraph ff-richtext text-center    fg-text-dark\"><\/p>\n<p style=\"text-align: left\"><span style=\"color: #cb333b\"><strong>2012 |<\/strong> <\/span>Transfert de la gestion &agrave; un management.<\/p>\n<p><\/div><div class=\"ffb-id-6kv7s6sq fg-paragraph ff-richtext text-center    fg-text-dark\"><\/p>\n<p style=\"text-align: left\"><span style=\"color: #cb333b\"><strong>2013 |<\/strong> <\/span>R&eacute;novation totale des locaux commerciaux &agrave; Wallisellen. L'infrastructure et les bureaux sont modernis&eacute;s. Le showroom est agrandi pour tenir compte de l'espace disponible pour les machines de stockage expos&eacute;es..<\/p>\n<p><\/div><div class=\"ffb-id-6kv7t6oi fg-paragraph ff-richtext text-center    fg-text-dark\"><\/p>\n<p style=\"text-align: left\"><span style=\"color: #cb333b\"><strong>2014 |<\/strong> <\/span>60&egrave;me anniversaire, 15 machines-outils sous copeaux et plus de 500 visiteurs ont d&eacute;pass&eacute; les attentes.<\/p>\n<p><\/div><div class=\"ffb-id-6kv7ursu fg-paragraph ff-richtext text-center    fg-text-dark\"><\/p>\n<p style=\"text-align: left\"><span style=\"color: #cb333b\"><strong>2015 |<\/strong> <\/span>Reprise des repr&eacute;sentations exclusives de Mitsubishi Electric pour les machines d'&eacute;lectro&eacute;rosion &agrave; fil et par enfon&ccedil;age et CMZ pour les tours CNC. Arr&ecirc;t de la distribution des machines Mori Seiki.<\/p>\n<p><\/div><div class=\"ffb-id-6kv8192e fg-paragraph ff-richtext text-center    fg-text-dark\"><\/p>\n<p style=\"text-align: left\"><span style=\"color: #cb333b\"><strong>2018 |<\/strong> <\/span>Reprise de la repr&eacute;sentation exclusive de YASDA PRECISION TOOLS K.K. Fraiseuses pour l'usinage de haute pr&eacute;cision du m&eacute;tal dur. Cr&eacute;ation du nouveau secteur d'activit&eacute; Tools et publication de la boutique en ligne.<\/p>\n<p><\/div><div class=\"ffb-id-6kv82nb5 fg-paragraph ff-richtext text-center    fg-text-dark\"><\/p>\n<p style=\"text-align: left\"><span style=\"color: #cb333b\"><strong>2019 |<\/strong> <\/span>Reprise de la repr&eacute;sentation exclusive des fraiseuses AXILE. Achat de la partie outillage de la soci&eacute;t&eacute; Schweiz. Maschinen Import AG avec reprise de tous les collaborateurs, des stocks de marchandises ainsi que des relations avec les clients et les fournisseurs.<\/p>\n<p><\/div><div class=\"ffb-id-6kv85u7u fg-paragraph ff-richtext text-center    fg-text-dark\"><\/p>\n<p style=\"text-align: left\"><span style=\"color: #cb333b\"><strong>2021 |<\/strong> <\/span>Reprise de la soci&eacute;t&eacute; Schweiz. Maschinen Import AG avec reprise de tous les collaborateurs, des stocks de marchandises ainsi que des relations avec les clients et les fournisseurs. Dans la vente, les produits ont &eacute;t&eacute; compl&eacute;t&eacute;s par des fraiseuses et des tours de Victor ainsi que par les solutions d'automatisation de Cellro.<\/p>\n<p><\/div><div class=\"ffb-id-6kv882iq fg-paragraph ff-richtext text-center    fg-text-dark\"><\/p>\n<p style=\"text-align: left\"><span style=\"color: #cb333b\"><strong>2022 |<\/strong> <\/span>Transmission de la direction &agrave; Michel Leu<\/p>\n<p><\/div><div class=\"ffb-id-7ip678l7 fg-paragraph ff-richtext text-center    fg-text-dark\"><\/p>\n<p style=\"text-align: left\"><span style=\"color: #cb333b\"><strong>2024 |<\/strong> <\/span>L'entreprise a 70 ans et est l'un des distributeurs d'outils et de machines les plus &eacute;tablis de Suisse et du Liechtenstein. Lancement d'une nouvelle boutique en ligne, <a href=\"http:\/\/www.binkert.shop\/fr\/\" target=\"_blank\" rel=\"noopener\">www.binkert.shop<\/a>.<\/p>\n<p><\/div><\/div><\/div><\/div><\/section><style>.ffb-id-3tfuftse{ padding-top: 50px;padding-bottom: 40px;}@media (min-width:992px) { .ffb-id-3tfuftse{ padding-top: 67px;padding-bottom: 60px;}}.ffb-id-3tfuftt3 .ffb-h2-1 ,.ffb-id-3tfuftt3 .ffb-h2-1:before,.ffb-id-3tfuftt3 .ffb-h2-1:after,.ffb-id-3tfuftt3 .ffb-h2-1 *,.ffb-id-3tfuftt3 .ffb-h2-1 *:before,.ffb-id-3tfuftt3 .ffb-h2-1 *:after{ color: #cb333b !important;}.ffb-id-3tfuftt3 .ffb-h2-1{ font-family: 'Montserrat', Arial, sans-serif !important;}.ffb-id-3tfuftt3 .ffb-h2-1:before,.ffb-id-3tfuftt3 .ffb-h2-1:after,.ffb-id-3tfuftt3 .ffb-h2-1:hover,.ffb-id-3tfuftt3 .ffb-h2-1:focus,.ffb-id-3tfuftt3 .ffb-h2-1 *,.ffb-id-3tfuftt3 .ffb-h2-1 *:before,.ffb-id-3tfuftt3 .ffb-h2-1 *:after,.ffb-id-3tfuftt3 .ffb-h2-1 *:hover,.ffb-id-3tfuftt3 .ffb-h2-1 *:focus{ font-family: 'Montserrat', Arial, sans-serif !important;}.ffb-id-3tfuftt3 .ffb-h2-1{ font-size: 25px !important;font-weight: 600 !important;}.ffb-id-3tfuftt3 .ffb-h2-1 ,.ffb-id-3tfuftt3 .ffb-h2-1:before,.ffb-id-3tfuftt3 .ffb-h2-1:after,.ffb-id-3tfuftt3 .ffb-h2-1:hover,.ffb-id-3tfuftt3 .ffb-h2-1:focus,.ffb-id-3tfuftt3 .ffb-h2-1 *,.ffb-id-3tfuftt3 .ffb-h2-1 *:before,.ffb-id-3tfuftt3 .ffb-h2-1 *:after,.ffb-id-3tfuftt3 .ffb-h2-1 *:hover,.ffb-id-3tfuftt3 .ffb-h2-1 *:focus{ font-size: 25px !important;font-weight: 600 !important;}@media (min-width:992px) { .ffb-id-3tfuftt3 .ffb-h2-1{ font-size: 28px !important;}}@media (min-width:992px) { .ffb-id-3tfuftt3 .ffb-h2-1 ,.ffb-id-3tfuftt3 .ffb-h2-1:before,.ffb-id-3tfuftt3 .ffb-h2-1:after,.ffb-id-3tfuftt3 .ffb-h2-1:hover,.ffb-id-3tfuftt3 .ffb-h2-1:focus,.ffb-id-3tfuftt3 .ffb-h2-1 *,.ffb-id-3tfuftt3 .ffb-h2-1 *:before,.ffb-id-3tfuftt3 .ffb-h2-1 *:after,.ffb-id-3tfuftt3 .ffb-h2-1 *:hover,.ffb-id-3tfuftt3 .ffb-h2-1 *:focus{ font-size: 28px !important;}}.ffb-id-3tfuftt3{ margin-bottom: 20px;}<\/style><script type=\"text\/javascript\"><\/script><\/p>\n","protected":false},"excerpt":{"rendered":"","protected":false},"author":1,"featured_media":5442,"parent":6837,"menu_order":9,"comment_status":"closed","ping_status":"closed","template":"","meta":{"footnotes":""},"class_list":["post-6990","page","type-page","status-publish","has-post-thumbnail","hentry","post-wrapper"],"yoast_head":"<!-- This site is optimized with the Yoast SEO plugin v27.4 - https:\/\/yoast.com\/product\/yoast-seo-wordpress\/ -->\n<title>Histoire - Josef Binkert AG<\/title>\n<meta name=\"description\" content=\"Depuis 70 ans, nous grandissons avec nos clients et nous nous d\u00e9veloppons continuellement afin d&#039;am\u00e9liorer nos prestations. Gr\u00e2ce \u00e0 l&#039;extension constante de notre structure d&#039;entreprise, de notre offre de services et de notre portefeuille de produits, nous faisons partie des leaders de la distribution de machines-outils en Suisse.\" \/>\n<meta name=\"robots\" content=\"index, follow, max-snippet:-1, max-image-preview:large, max-video-preview:-1\" \/>\n<link rel=\"canonical\" href=\"https:\/\/www.binkert.com\/fr\/entreprise\/histoire\/\" \/>\n<meta property=\"og:locale\" content=\"fr_FR\" \/>\n<meta property=\"og:type\" content=\"article\" \/>\n<meta property=\"og:title\" content=\"Histoire - Josef Binkert AG\" \/>\n<meta property=\"og:description\" content=\"Depuis 70 ans, nous grandissons avec nos clients et nous nous d\u00e9veloppons continuellement afin d&#039;am\u00e9liorer nos prestations. Gr\u00e2ce \u00e0 l&#039;extension constante de notre structure d&#039;entreprise, de notre offre de services et de notre portefeuille de produits, nous faisons partie des leaders de la distribution de machines-outils en Suisse.\" \/>\n<meta property=\"og:url\" content=\"https:\/\/www.binkert.com\/fr\/entreprise\/histoire\/\" \/>\n<meta property=\"og:site_name\" content=\"Josef Binkert AG\" \/>\n<meta property=\"article:modified_time\" content=\"2025-01-14T08:37:29+00:00\" \/>\n<meta property=\"og:image\" content=\"https:\/\/www.binkert.com\/wp-content\/uploads\/BINKERT_FDMM_OLD_INTERNET..jpg\" \/>\n\t<meta property=\"og:image:width\" content=\"1600\" \/>\n\t<meta property=\"og:image:height\" content=\"600\" \/>\n\t<meta property=\"og:image:type\" content=\"image\/jpeg\" \/>\n<meta name=\"twitter:card\" content=\"summary_large_image\" \/>\n<meta name=\"twitter:label1\" content=\"Dur\u00e9e de lecture estim\u00e9e\" \/>\n\t<meta name=\"twitter:data1\" content=\"5 minutes\" \/>\n<script type=\"application\/ld+json\" class=\"yoast-schema-graph\">{\"@context\":\"https:\\\/\\\/schema.org\",\"@graph\":[{\"@type\":\"WebPage\",\"@id\":\"https:\\\/\\\/www.binkert.com\\\/fr\\\/entreprise\\\/histoire\\\/\",\"url\":\"https:\\\/\\\/www.binkert.com\\\/fr\\\/entreprise\\\/histoire\\\/\",\"name\":\"Histoire - Josef Binkert AG\",\"isPartOf\":{\"@id\":\"https:\\\/\\\/www.binkert.com\\\/fr\\\/#website\"},\"primaryImageOfPage\":{\"@id\":\"https:\\\/\\\/www.binkert.com\\\/fr\\\/entreprise\\\/histoire\\\/#primaryimage\"},\"image\":{\"@id\":\"https:\\\/\\\/www.binkert.com\\\/fr\\\/entreprise\\\/histoire\\\/#primaryimage\"},\"thumbnailUrl\":\"https:\\\/\\\/www.binkert.com\\\/wp-content\\\/uploads\\\/BINKERT_FDMM_OLD_INTERNET..jpg\",\"datePublished\":\"2023-04-26T13:03:37+00:00\",\"dateModified\":\"2025-01-14T08:37:29+00:00\",\"description\":\"Depuis 70 ans, nous grandissons avec nos clients et nous nous d\u00e9veloppons continuellement afin d'am\u00e9liorer nos prestations. Gr\u00e2ce \u00e0 l'extension constante de notre structure d'entreprise, de notre offre de services et de notre portefeuille de produits, nous faisons partie des leaders de la distribution de machines-outils en Suisse.\",\"breadcrumb\":{\"@id\":\"https:\\\/\\\/www.binkert.com\\\/fr\\\/entreprise\\\/histoire\\\/#breadcrumb\"},\"inLanguage\":\"fr-FR\",\"potentialAction\":[{\"@type\":\"ReadAction\",\"target\":[\"https:\\\/\\\/www.binkert.com\\\/fr\\\/entreprise\\\/histoire\\\/\"]}]},{\"@type\":\"ImageObject\",\"inLanguage\":\"fr-FR\",\"@id\":\"https:\\\/\\\/www.binkert.com\\\/fr\\\/entreprise\\\/histoire\\\/#primaryimage\",\"url\":\"https:\\\/\\\/www.binkert.com\\\/wp-content\\\/uploads\\\/BINKERT_FDMM_OLD_INTERNET..jpg\",\"contentUrl\":\"https:\\\/\\\/www.binkert.com\\\/wp-content\\\/uploads\\\/BINKERT_FDMM_OLD_INTERNET..jpg\",\"width\":1600,\"height\":600},{\"@type\":\"BreadcrumbList\",\"@id\":\"https:\\\/\\\/www.binkert.com\\\/fr\\\/entreprise\\\/histoire\\\/#breadcrumb\",\"itemListElement\":[{\"@type\":\"ListItem\",\"position\":1,\"name\":\"Startseite\",\"item\":\"https:\\\/\\\/www.binkert.com\\\/fr\\\/\"},{\"@type\":\"ListItem\",\"position\":2,\"name\":\"Entreprise\",\"item\":\"https:\\\/\\\/www.binkert.com\\\/fr\\\/entreprise\\\/\"},{\"@type\":\"ListItem\",\"position\":3,\"name\":\"Histoire\"}]},{\"@type\":\"WebSite\",\"@id\":\"https:\\\/\\\/www.binkert.com\\\/fr\\\/#website\",\"url\":\"https:\\\/\\\/www.binkert.com\\\/fr\\\/\",\"name\":\"Josef Binkert AG\",\"description\":\"Damit Sie pr\u00e4zise, produktiv und kosteneffizient produzieren k\u00f6nnen, brauchen Sie modernste Fertigungsl\u00f6sungen. Als Schweizerisches Familienunternehmen mit einer \u00fcber 100-j\u00e4hrigen Tradition und Exklusivvertreterin f\u00fchrender europ\u00e4ischen und asiatischen Herstellern von CNC-Maschinen und Automationsl\u00f6sungen finden wir die massgeschneiderte Fertigungsl\u00f6sung f\u00fcr Sie.\",\"publisher\":{\"@id\":\"https:\\\/\\\/www.binkert.com\\\/fr\\\/#organization\"},\"potentialAction\":[{\"@type\":\"SearchAction\",\"target\":{\"@type\":\"EntryPoint\",\"urlTemplate\":\"https:\\\/\\\/www.binkert.com\\\/fr\\\/?s={search_term_string}\"},\"query-input\":{\"@type\":\"PropertyValueSpecification\",\"valueRequired\":true,\"valueName\":\"search_term_string\"}}],\"inLanguage\":\"fr-FR\"},{\"@type\":\"Organization\",\"@id\":\"https:\\\/\\\/www.binkert.com\\\/fr\\\/#organization\",\"name\":\"Josef Binkert AG\",\"url\":\"https:\\\/\\\/www.binkert.com\\\/fr\\\/\",\"logo\":{\"@type\":\"ImageObject\",\"inLanguage\":\"fr-FR\",\"@id\":\"https:\\\/\\\/www.binkert.com\\\/fr\\\/#\\\/schema\\\/logo\\\/image\\\/\",\"url\":\"https:\\\/\\\/www.binkert.com\\\/wp-content\\\/uploads\\\/SMI-rgb.svg\",\"contentUrl\":\"https:\\\/\\\/www.binkert.com\\\/wp-content\\\/uploads\\\/SMI-rgb.svg\",\"width\":\"1024\",\"height\":\"1024\",\"caption\":\"Josef Binkert AG\"},\"image\":{\"@id\":\"https:\\\/\\\/www.binkert.com\\\/fr\\\/#\\\/schema\\\/logo\\\/image\\\/\"},\"sameAs\":[\"https:\\\/\\\/www.linkedin.com\\\/company\\\/josef-binkert-ag\\\/\",\"https:\\\/\\\/www.youtube.com\\\/channel\\\/UCG8l-uJ03s2CHuLcJlheCHw?app=desktop\"]}]}<\/script>\n<!-- \/ Yoast SEO plugin. -->","yoast_head_json":{"title":"Histoire - Josef Binkert AG","description":"Depuis 70 ans, nous grandissons avec nos clients et nous nous d\u00e9veloppons continuellement afin d'am\u00e9liorer nos prestations. Gr\u00e2ce \u00e0 l'extension constante de notre structure d'entreprise, de notre offre de services et de notre portefeuille de produits, nous faisons partie des leaders de la distribution de machines-outils en Suisse.","robots":{"index":"index","follow":"follow","max-snippet":"max-snippet:-1","max-image-preview":"max-image-preview:large","max-video-preview":"max-video-preview:-1"},"canonical":"https:\/\/www.binkert.com\/fr\/entreprise\/histoire\/","og_locale":"fr_FR","og_type":"article","og_title":"Histoire - Josef Binkert AG","og_description":"Depuis 70 ans, nous grandissons avec nos clients et nous nous d\u00e9veloppons continuellement afin d'am\u00e9liorer nos prestations. Gr\u00e2ce \u00e0 l'extension constante de notre structure d'entreprise, de notre offre de services et de notre portefeuille de produits, nous faisons partie des leaders de la distribution de machines-outils en Suisse.","og_url":"https:\/\/www.binkert.com\/fr\/entreprise\/histoire\/","og_site_name":"Josef Binkert AG","article_modified_time":"2025-01-14T08:37:29+00:00","og_image":[{"width":1600,"height":600,"url":"https:\/\/www.binkert.com\/wp-content\/uploads\/BINKERT_FDMM_OLD_INTERNET..jpg","type":"image\/jpeg"}],"twitter_card":"summary_large_image","twitter_misc":{"Dur\u00e9e de lecture estim\u00e9e":"5 minutes"},"schema":{"@context":"https:\/\/schema.org","@graph":[{"@type":"WebPage","@id":"https:\/\/www.binkert.com\/fr\/entreprise\/histoire\/","url":"https:\/\/www.binkert.com\/fr\/entreprise\/histoire\/","name":"Histoire - Josef Binkert AG","isPartOf":{"@id":"https:\/\/www.binkert.com\/fr\/#website"},"primaryImageOfPage":{"@id":"https:\/\/www.binkert.com\/fr\/entreprise\/histoire\/#primaryimage"},"image":{"@id":"https:\/\/www.binkert.com\/fr\/entreprise\/histoire\/#primaryimage"},"thumbnailUrl":"https:\/\/www.binkert.com\/wp-content\/uploads\/BINKERT_FDMM_OLD_INTERNET..jpg","datePublished":"2023-04-26T13:03:37+00:00","dateModified":"2025-01-14T08:37:29+00:00","description":"Depuis 70 ans, nous grandissons avec nos clients et nous nous d\u00e9veloppons continuellement afin d'am\u00e9liorer nos prestations. Gr\u00e2ce \u00e0 l'extension constante de notre structure d'entreprise, de notre offre de services et de notre portefeuille de produits, nous faisons partie des leaders de la distribution de machines-outils en Suisse.","breadcrumb":{"@id":"https:\/\/www.binkert.com\/fr\/entreprise\/histoire\/#breadcrumb"},"inLanguage":"fr-FR","potentialAction":[{"@type":"ReadAction","target":["https:\/\/www.binkert.com\/fr\/entreprise\/histoire\/"]}]},{"@type":"ImageObject","inLanguage":"fr-FR","@id":"https:\/\/www.binkert.com\/fr\/entreprise\/histoire\/#primaryimage","url":"https:\/\/www.binkert.com\/wp-content\/uploads\/BINKERT_FDMM_OLD_INTERNET..jpg","contentUrl":"https:\/\/www.binkert.com\/wp-content\/uploads\/BINKERT_FDMM_OLD_INTERNET..jpg","width":1600,"height":600},{"@type":"BreadcrumbList","@id":"https:\/\/www.binkert.com\/fr\/entreprise\/histoire\/#breadcrumb","itemListElement":[{"@type":"ListItem","position":1,"name":"Startseite","item":"https:\/\/www.binkert.com\/fr\/"},{"@type":"ListItem","position":2,"name":"Entreprise","item":"https:\/\/www.binkert.com\/fr\/entreprise\/"},{"@type":"ListItem","position":3,"name":"Histoire"}]},{"@type":"WebSite","@id":"https:\/\/www.binkert.com\/fr\/#website","url":"https:\/\/www.binkert.com\/fr\/","name":"Josef Binkert AG","description":"Damit Sie pr\u00e4zise, produktiv und kosteneffizient produzieren k\u00f6nnen, brauchen Sie modernste Fertigungsl\u00f6sungen. Als Schweizerisches Familienunternehmen mit einer \u00fcber 100-j\u00e4hrigen Tradition und Exklusivvertreterin f\u00fchrender europ\u00e4ischen und asiatischen Herstellern von CNC-Maschinen und Automationsl\u00f6sungen finden wir die massgeschneiderte Fertigungsl\u00f6sung f\u00fcr Sie.","publisher":{"@id":"https:\/\/www.binkert.com\/fr\/#organization"},"potentialAction":[{"@type":"SearchAction","target":{"@type":"EntryPoint","urlTemplate":"https:\/\/www.binkert.com\/fr\/?s={search_term_string}"},"query-input":{"@type":"PropertyValueSpecification","valueRequired":true,"valueName":"search_term_string"}}],"inLanguage":"fr-FR"},{"@type":"Organization","@id":"https:\/\/www.binkert.com\/fr\/#organization","name":"Josef Binkert AG","url":"https:\/\/www.binkert.com\/fr\/","logo":{"@type":"ImageObject","inLanguage":"fr-FR","@id":"https:\/\/www.binkert.com\/fr\/#\/schema\/logo\/image\/","url":"https:\/\/www.binkert.com\/wp-content\/uploads\/SMI-rgb.svg","contentUrl":"https:\/\/www.binkert.com\/wp-content\/uploads\/SMI-rgb.svg","width":"1024","height":"1024","caption":"Josef Binkert AG"},"image":{"@id":"https:\/\/www.binkert.com\/fr\/#\/schema\/logo\/image\/"},"sameAs":["https:\/\/www.linkedin.com\/company\/josef-binkert-ag\/","https:\/\/www.youtube.com\/channel\/UCG8l-uJ03s2CHuLcJlheCHw?app=desktop"]}]}},"_links":{"self":[{"href":"https:\/\/www.binkert.com\/fr\/wp-json\/wp\/v2\/pages\/6990","targetHints":{"allow":["GET"]}}],"collection":[{"href":"https:\/\/www.binkert.com\/fr\/wp-json\/wp\/v2\/pages"}],"about":[{"href":"https:\/\/www.binkert.com\/fr\/wp-json\/wp\/v2\/types\/page"}],"author":[{"embeddable":true,"href":"https:\/\/www.binkert.com\/fr\/wp-json\/wp\/v2\/users\/1"}],"replies":[{"embeddable":true,"href":"https:\/\/www.binkert.com\/fr\/wp-json\/wp\/v2\/comments?post=6990"}],"version-history":[{"count":12,"href":"https:\/\/www.binkert.com\/fr\/wp-json\/wp\/v2\/pages\/6990\/revisions"}],"predecessor-version":[{"id":15138,"href":"https:\/\/www.binkert.com\/fr\/wp-json\/wp\/v2\/pages\/6990\/revisions\/15138"}],"up":[{"embeddable":true,"href":"https:\/\/www.binkert.com\/fr\/wp-json\/wp\/v2\/pages\/6837"}],"wp:featuredmedia":[{"embeddable":true,"href":"https:\/\/www.binkert.com\/fr\/wp-json\/wp\/v2\/media\/5442"}],"wp:attachment":[{"href":"https:\/\/www.binkert.com\/fr\/wp-json\/wp\/v2\/media?parent=6990"}],"curies":[{"name":"wp","href":"https:\/\/api.w.org\/{rel}","templated":true}]}}