{"id":6991,"date":"2023-04-26T14:03:53","date_gmt":"2023-04-26T13:03:53","guid":{"rendered":"https:\/\/www.binkert.com\/unternehmen\/jobs-2-2\/"},"modified":"2026-03-06T14:25:43","modified_gmt":"2026-03-06T13:25:43","slug":"travailler-chez-binkert","status":"publish","type":"page","link":"https:\/\/www.binkert.com\/fr\/entreprise\/travailler-chez-binkert\/","title":{"rendered":"Travailler chez BINKERT"},"content":{"rendered":"<p><section class=\"ffb-id-3u68gk0u fg-section fg-el-has-bg header-small fg-text-dark\"><span class=\"fg-bg\"><span data-fg-bg=\"{&quot;type&quot;:&quot;image&quot;,&quot;opacity&quot;:&quot;1&quot;,&quot;url&quot;:&quot;https:\\\/\\\/www.binkert.com\\\/wp-content\\\/uploads\\\/referenzen-header-desktop-2560x550-1.jpg&quot;,&quot;size&quot;:&quot;cover&quot;,&quot;repeat&quot;:&quot;no-repeat&quot;,&quot;attachment&quot;:&quot;scroll&quot;,&quot;hidden_xs&quot;:&quot;yes&quot;,&quot;position&quot;:&quot;center center&quot;}\" class=\"fg-bg-layer fg-bg-type-image hidden-xs\" style=\"opacity: 1; background-image: url(&quot;https:\/\/www.binkert.com\/wp-content\/uploads\/referenzen-header-desktop-2560x550-1.jpg&quot;); background-repeat: no-repeat; background-attachment: scroll; background-position: center center; background-size: cover;\"><\/span><span data-fg-bg=\"{&quot;type&quot;:&quot;image&quot;,&quot;opacity&quot;:&quot;1&quot;,&quot;url&quot;:&quot;https:\\\/\\\/www.binkert.com\\\/wp-content\\\/uploads\\\/referenzen-header-mobile-768x768-1.jpg&quot;,&quot;size&quot;:&quot;cover&quot;,&quot;repeat&quot;:&quot;no-repeat&quot;,&quot;attachment&quot;:&quot;scroll&quot;,&quot;hidden_sm&quot;:&quot;yes&quot;,&quot;hidden_md&quot;:&quot;yes&quot;,&quot;hidden_lg&quot;:&quot;yes&quot;,&quot;position&quot;:&quot;center center&quot;}\" class=\"fg-bg-layer fg-bg-type-image hidden-sm hidden-md hidden-lg\" style=\"opacity: 1; background-image: url(&quot;https:\/\/www.binkert.com\/wp-content\/uploads\/referenzen-header-mobile-768x768-1.jpg&quot;); background-repeat: no-repeat; background-attachment: scroll; background-position: center center; background-size: cover;\"><\/span><\/span><div class=\"fg-container container fg-container-large fg-container-lvl--1 \"><div class=\"fg-row row    \" ><div class=\"ffb-id-3u68gk0v fg-col col-xs-12 col-md-12 fg-text-dark\"><\/div><\/div><\/div><\/section><style><\/style><script type=\"text\/javascript\"><\/script><section class=\"ffb-id-3uhanmqn fg-section fg-el-has-bg fg-text-dark\" data-test=\"testik\" id=\"Intro\"><span class=\"fg-bg\"><span data-fg-bg=\"{&quot;type&quot;:&quot;color&quot;,&quot;opacity&quot;:1,&quot;color&quot;:&quot;#ffffff&quot;}\" class=\"fg-bg-layer fg-bg-type-color \" style=\"opacity: 1; background-color: #ffffff;\"><\/span><\/span><div class=\"ffb-id-3uhanmqo fg-container container fg-container-large fg-container-lvl--1  fg-text-dark\"><div class=\"ffb-id-3uhanmr4 fg-row row     fg-text-dark\"><div class=\"ffb-id-3uhanmra fg-col col-xs-12 col-md-12 fg-text-dark\"><section class=\"ffb-id-3uhanmrd section-heading fg-text-dark\"><p style=\"text-transform:uppercase; \" class=\"fg-text-dark ffb-paragraph-1\"><\/p><h2 class=\"fg-text-dark ffb-h2-2\">Travailler chez BINKERT AG<\/h2><div class=\"divider fg-text-dark ffb-divider-3\"><\/div><\/section><div class=\"ffb-id-3uhanmre fg-paragraph ff-richtext text-center    fg-text-dark\"><\/p>\n<p>Nous et vous : des collaborateurs motiv&eacute;s et bien form&eacute;s assurent durablement notre succ&egrave;s. Rejoignez la famille BINKERT et envoyez-nous votre candidature.<\/p>\n<p>&nbsp;<\/p>\n<p><\/div><div class=\"ffb-id-4q1b0kmp fg-paragraph ff-richtext text-center    fg-text-dark\"><\/p>\n<p style=\"text-align: center\">Wir suchen:<\/p>\n<p style=\"text-align: center\"><a href=\"https:\/\/www.binkert.com\/wp-content\/uploads\/Produktmanager-2.pdf\" target=\"_blank\" rel=\"noopener\">Produktmanager Maschinen \/ Anwendungstechniker 100%<\/a><\/p>\n<p style=\"text-align: center\"><a href=\"https:\/\/www.binkert.com\/wp-content\/uploads\/Technischer-Sachbearbeiter.pdf\" target=\"_blank\" rel=\"noopener\">Technischer Sachbearbeiter 100%<\/a><\/p>\n<p style=\"text-align: center\"><a href=\"https:\/\/www.binkert.com\/wp-content\/uploads\/Marketing-Assistent.pdf\" target=\"_blank\" rel=\"noopener\">Marketing-Assistent\/in 40-60%<\/a><\/p>\n<p style=\"text-align: center\"><a href=\"https:\/\/www.binkert.com\/wp-content\/uploads\/SBFinanzen.pdf\" target=\"_blank\" rel=\"noopener\">Sachbearbeiterin Finanz- und Rechnungswesen 60%<\/a><\/p>\n<p><\/div><\/div><\/div><\/div><\/section><style>.ffb-id-3uhanmqo{ padding-top: 50px;padding-bottom: 40px;}@media (min-width:992px) { .ffb-id-3uhanmqo{ padding-top: 67px;padding-bottom: 60px;}}.ffb-id-3uhanmrd .ffb-paragraph-1{ margin-bottom: 0px;}.ffb-id-3uhanmrd .ffb-paragraph-1 ,.ffb-id-3uhanmrd .ffb-paragraph-1:before,.ffb-id-3uhanmrd .ffb-paragraph-1:after,.ffb-id-3uhanmrd .ffb-paragraph-1 *,.ffb-id-3uhanmrd .ffb-paragraph-1 *:before,.ffb-id-3uhanmrd .ffb-paragraph-1 *:after{ color: #6b7586 !important;}.ffb-id-3uhanmrd .ffb-paragraph-1{ font-size: 14px !important;}.ffb-id-3uhanmrd .ffb-paragraph-1 ,.ffb-id-3uhanmrd .ffb-paragraph-1:before,.ffb-id-3uhanmrd .ffb-paragraph-1:after,.ffb-id-3uhanmrd .ffb-paragraph-1:hover,.ffb-id-3uhanmrd .ffb-paragraph-1:focus,.ffb-id-3uhanmrd .ffb-paragraph-1 *,.ffb-id-3uhanmrd .ffb-paragraph-1 *:before,.ffb-id-3uhanmrd .ffb-paragraph-1 *:after,.ffb-id-3uhanmrd .ffb-paragraph-1 *:hover,.ffb-id-3uhanmrd .ffb-paragraph-1 *:focus{ font-size: 14px !important;}@media (min-width:992px) { .ffb-id-3uhanmrd .ffb-paragraph-1{ font-size: 18px !important;}}@media (min-width:992px) { .ffb-id-3uhanmrd .ffb-paragraph-1 ,.ffb-id-3uhanmrd .ffb-paragraph-1:before,.ffb-id-3uhanmrd .ffb-paragraph-1:after,.ffb-id-3uhanmrd .ffb-paragraph-1:hover,.ffb-id-3uhanmrd .ffb-paragraph-1:focus,.ffb-id-3uhanmrd .ffb-paragraph-1 *,.ffb-id-3uhanmrd .ffb-paragraph-1 *:before,.ffb-id-3uhanmrd .ffb-paragraph-1 *:after,.ffb-id-3uhanmrd .ffb-paragraph-1 *:hover,.ffb-id-3uhanmrd .ffb-paragraph-1 *:focus{ font-size: 18px !important;}}.ffb-id-3uhanmrd .ffb-h2-2 ,.ffb-id-3uhanmrd .ffb-h2-2:before,.ffb-id-3uhanmrd .ffb-h2-2:after,.ffb-id-3uhanmrd .ffb-h2-2 *,.ffb-id-3uhanmrd .ffb-h2-2 *:before,.ffb-id-3uhanmrd .ffb-h2-2 *:after{ color: #cb333b !important;}.ffb-id-3uhanmrd .ffb-h2-2{ font-family: 'Montserrat', Arial, sans-serif !important;}.ffb-id-3uhanmrd .ffb-h2-2:before,.ffb-id-3uhanmrd .ffb-h2-2:after,.ffb-id-3uhanmrd .ffb-h2-2:hover,.ffb-id-3uhanmrd .ffb-h2-2:focus,.ffb-id-3uhanmrd .ffb-h2-2 *,.ffb-id-3uhanmrd .ffb-h2-2 *:before,.ffb-id-3uhanmrd .ffb-h2-2 *:after,.ffb-id-3uhanmrd .ffb-h2-2 *:hover,.ffb-id-3uhanmrd .ffb-h2-2 *:focus{ font-family: 'Montserrat', Arial, sans-serif !important;}.ffb-id-3uhanmrd .ffb-h2-2{ font-size: 25px !important;font-weight: 600 !important;}.ffb-id-3uhanmrd .ffb-h2-2 ,.ffb-id-3uhanmrd .ffb-h2-2:before,.ffb-id-3uhanmrd .ffb-h2-2:after,.ffb-id-3uhanmrd .ffb-h2-2:hover,.ffb-id-3uhanmrd .ffb-h2-2:focus,.ffb-id-3uhanmrd .ffb-h2-2 *,.ffb-id-3uhanmrd .ffb-h2-2 *:before,.ffb-id-3uhanmrd .ffb-h2-2 *:after,.ffb-id-3uhanmrd .ffb-h2-2 *:hover,.ffb-id-3uhanmrd .ffb-h2-2 *:focus{ font-size: 25px !important;font-weight: 600 !important;}@media (min-width:992px) { .ffb-id-3uhanmrd .ffb-h2-2{ font-size: 28px !important;}}@media (min-width:992px) { .ffb-id-3uhanmrd .ffb-h2-2 ,.ffb-id-3uhanmrd .ffb-h2-2:before,.ffb-id-3uhanmrd .ffb-h2-2:after,.ffb-id-3uhanmrd .ffb-h2-2:hover,.ffb-id-3uhanmrd .ffb-h2-2:focus,.ffb-id-3uhanmrd .ffb-h2-2 *,.ffb-id-3uhanmrd .ffb-h2-2 *:before,.ffb-id-3uhanmrd .ffb-h2-2 *:after,.ffb-id-3uhanmrd .ffb-h2-2 *:hover,.ffb-id-3uhanmrd .ffb-h2-2 *:focus{ font-size: 28px !important;}}.ffb-id-3uhanmrd{ margin-bottom: 20px;}<\/style><script type=\"text\/javascript\"><\/script><\/p>\n","protected":false},"excerpt":{"rendered":"","protected":false},"author":1,"featured_media":4857,"parent":6837,"menu_order":10,"comment_status":"closed","ping_status":"closed","template":"","meta":{"footnotes":""},"class_list":["post-6991","page","type-page","status-publish","has-post-thumbnail","hentry","post-wrapper"],"yoast_head":"<!-- This site is optimized with the Yoast SEO plugin v27.4 - https:\/\/yoast.com\/product\/yoast-seo-wordpress\/ -->\n<title>Travailler chez BINKERT AG<\/title>\n<meta name=\"description\" content=\"Des collaborateurs motiv\u00e9s et bien form\u00e9s assurent durablement notre succ\u00e8s. Rejoignez la famille BINKERT.\" \/>\n<meta name=\"robots\" content=\"index, follow, max-snippet:-1, max-image-preview:large, max-video-preview:-1\" \/>\n<link rel=\"canonical\" href=\"https:\/\/www.binkert.com\/fr\/entreprise\/travailler-chez-binkert\/\" \/>\n<meta property=\"og:locale\" content=\"fr_FR\" \/>\n<meta property=\"og:type\" content=\"article\" \/>\n<meta property=\"og:title\" content=\"Travailler chez BINKERT AG\" \/>\n<meta property=\"og:description\" content=\"Des collaborateurs motiv\u00e9s et bien form\u00e9s assurent durablement notre succ\u00e8s. Rejoignez la famille BINKERT.\" \/>\n<meta property=\"og:url\" content=\"https:\/\/www.binkert.com\/fr\/entreprise\/travailler-chez-binkert\/\" \/>\n<meta property=\"og:site_name\" content=\"Josef Binkert AG\" \/>\n<meta property=\"article:modified_time\" content=\"2026-03-06T13:25:43+00:00\" \/>\n<meta property=\"og:image\" content=\"https:\/\/www.binkert.com\/wp-content\/uploads\/Image_Hotline-1.jpg\" \/>\n\t<meta property=\"og:image:width\" content=\"772\" \/>\n\t<meta property=\"og:image:height\" content=\"584\" \/>\n\t<meta property=\"og:image:type\" content=\"image\/jpeg\" \/>\n<meta name=\"twitter:card\" content=\"summary_large_image\" \/>\n<meta name=\"twitter:label1\" content=\"Dur\u00e9e de lecture estim\u00e9e\" \/>\n\t<meta name=\"twitter:data1\" content=\"1 minute\" \/>\n<script type=\"application\/ld+json\" class=\"yoast-schema-graph\">{\"@context\":\"https:\\\/\\\/schema.org\",\"@graph\":[{\"@type\":\"WebPage\",\"@id\":\"https:\\\/\\\/www.binkert.com\\\/fr\\\/entreprise\\\/travailler-chez-binkert\\\/\",\"url\":\"https:\\\/\\\/www.binkert.com\\\/fr\\\/entreprise\\\/travailler-chez-binkert\\\/\",\"name\":\"Travailler chez BINKERT AG\",\"isPartOf\":{\"@id\":\"https:\\\/\\\/www.binkert.com\\\/fr\\\/#website\"},\"primaryImageOfPage\":{\"@id\":\"https:\\\/\\\/www.binkert.com\\\/fr\\\/entreprise\\\/travailler-chez-binkert\\\/#primaryimage\"},\"image\":{\"@id\":\"https:\\\/\\\/www.binkert.com\\\/fr\\\/entreprise\\\/travailler-chez-binkert\\\/#primaryimage\"},\"thumbnailUrl\":\"https:\\\/\\\/www.binkert.com\\\/wp-content\\\/uploads\\\/Image_Hotline-1.jpg\",\"datePublished\":\"2023-04-26T13:03:53+00:00\",\"dateModified\":\"2026-03-06T13:25:43+00:00\",\"description\":\"Des collaborateurs motiv\u00e9s et bien form\u00e9s assurent durablement notre succ\u00e8s. Rejoignez la famille BINKERT.\",\"breadcrumb\":{\"@id\":\"https:\\\/\\\/www.binkert.com\\\/fr\\\/entreprise\\\/travailler-chez-binkert\\\/#breadcrumb\"},\"inLanguage\":\"fr-FR\",\"potentialAction\":[{\"@type\":\"ReadAction\",\"target\":[\"https:\\\/\\\/www.binkert.com\\\/fr\\\/entreprise\\\/travailler-chez-binkert\\\/\"]}]},{\"@type\":\"ImageObject\",\"inLanguage\":\"fr-FR\",\"@id\":\"https:\\\/\\\/www.binkert.com\\\/fr\\\/entreprise\\\/travailler-chez-binkert\\\/#primaryimage\",\"url\":\"https:\\\/\\\/www.binkert.com\\\/wp-content\\\/uploads\\\/Image_Hotline-1.jpg\",\"contentUrl\":\"https:\\\/\\\/www.binkert.com\\\/wp-content\\\/uploads\\\/Image_Hotline-1.jpg\",\"width\":772,\"height\":584},{\"@type\":\"BreadcrumbList\",\"@id\":\"https:\\\/\\\/www.binkert.com\\\/fr\\\/entreprise\\\/travailler-chez-binkert\\\/#breadcrumb\",\"itemListElement\":[{\"@type\":\"ListItem\",\"position\":1,\"name\":\"Startseite\",\"item\":\"https:\\\/\\\/www.binkert.com\\\/fr\\\/\"},{\"@type\":\"ListItem\",\"position\":2,\"name\":\"Entreprise\",\"item\":\"https:\\\/\\\/www.binkert.com\\\/fr\\\/entreprise\\\/\"},{\"@type\":\"ListItem\",\"position\":3,\"name\":\"Travailler chez BINKERT\"}]},{\"@type\":\"WebSite\",\"@id\":\"https:\\\/\\\/www.binkert.com\\\/fr\\\/#website\",\"url\":\"https:\\\/\\\/www.binkert.com\\\/fr\\\/\",\"name\":\"Josef Binkert AG\",\"description\":\"Damit Sie pr\u00e4zise, produktiv und kosteneffizient produzieren k\u00f6nnen, brauchen Sie modernste Fertigungsl\u00f6sungen. Als Schweizerisches Familienunternehmen mit einer \u00fcber 100-j\u00e4hrigen Tradition und Exklusivvertreterin f\u00fchrender europ\u00e4ischen und asiatischen Herstellern von CNC-Maschinen und Automationsl\u00f6sungen finden wir die massgeschneiderte Fertigungsl\u00f6sung f\u00fcr Sie.\",\"publisher\":{\"@id\":\"https:\\\/\\\/www.binkert.com\\\/fr\\\/#organization\"},\"potentialAction\":[{\"@type\":\"SearchAction\",\"target\":{\"@type\":\"EntryPoint\",\"urlTemplate\":\"https:\\\/\\\/www.binkert.com\\\/fr\\\/?s={search_term_string}\"},\"query-input\":{\"@type\":\"PropertyValueSpecification\",\"valueRequired\":true,\"valueName\":\"search_term_string\"}}],\"inLanguage\":\"fr-FR\"},{\"@type\":\"Organization\",\"@id\":\"https:\\\/\\\/www.binkert.com\\\/fr\\\/#organization\",\"name\":\"Josef Binkert AG\",\"url\":\"https:\\\/\\\/www.binkert.com\\\/fr\\\/\",\"logo\":{\"@type\":\"ImageObject\",\"inLanguage\":\"fr-FR\",\"@id\":\"https:\\\/\\\/www.binkert.com\\\/fr\\\/#\\\/schema\\\/logo\\\/image\\\/\",\"url\":\"https:\\\/\\\/www.binkert.com\\\/wp-content\\\/uploads\\\/SMI-rgb.svg\",\"contentUrl\":\"https:\\\/\\\/www.binkert.com\\\/wp-content\\\/uploads\\\/SMI-rgb.svg\",\"width\":\"1024\",\"height\":\"1024\",\"caption\":\"Josef Binkert AG\"},\"image\":{\"@id\":\"https:\\\/\\\/www.binkert.com\\\/fr\\\/#\\\/schema\\\/logo\\\/image\\\/\"},\"sameAs\":[\"https:\\\/\\\/www.linkedin.com\\\/company\\\/josef-binkert-ag\\\/\",\"https:\\\/\\\/www.youtube.com\\\/channel\\\/UCG8l-uJ03s2CHuLcJlheCHw?app=desktop\"]}]}<\/script>\n<!-- \/ Yoast SEO plugin. -->","yoast_head_json":{"title":"Travailler chez BINKERT AG","description":"Des collaborateurs motiv\u00e9s et bien form\u00e9s assurent durablement notre succ\u00e8s. Rejoignez la famille BINKERT.","robots":{"index":"index","follow":"follow","max-snippet":"max-snippet:-1","max-image-preview":"max-image-preview:large","max-video-preview":"max-video-preview:-1"},"canonical":"https:\/\/www.binkert.com\/fr\/entreprise\/travailler-chez-binkert\/","og_locale":"fr_FR","og_type":"article","og_title":"Travailler chez BINKERT AG","og_description":"Des collaborateurs motiv\u00e9s et bien form\u00e9s assurent durablement notre succ\u00e8s. Rejoignez la famille BINKERT.","og_url":"https:\/\/www.binkert.com\/fr\/entreprise\/travailler-chez-binkert\/","og_site_name":"Josef Binkert AG","article_modified_time":"2026-03-06T13:25:43+00:00","og_image":[{"width":772,"height":584,"url":"https:\/\/www.binkert.com\/wp-content\/uploads\/Image_Hotline-1.jpg","type":"image\/jpeg"}],"twitter_card":"summary_large_image","twitter_misc":{"Dur\u00e9e de lecture estim\u00e9e":"1 minute"},"schema":{"@context":"https:\/\/schema.org","@graph":[{"@type":"WebPage","@id":"https:\/\/www.binkert.com\/fr\/entreprise\/travailler-chez-binkert\/","url":"https:\/\/www.binkert.com\/fr\/entreprise\/travailler-chez-binkert\/","name":"Travailler chez BINKERT AG","isPartOf":{"@id":"https:\/\/www.binkert.com\/fr\/#website"},"primaryImageOfPage":{"@id":"https:\/\/www.binkert.com\/fr\/entreprise\/travailler-chez-binkert\/#primaryimage"},"image":{"@id":"https:\/\/www.binkert.com\/fr\/entreprise\/travailler-chez-binkert\/#primaryimage"},"thumbnailUrl":"https:\/\/www.binkert.com\/wp-content\/uploads\/Image_Hotline-1.jpg","datePublished":"2023-04-26T13:03:53+00:00","dateModified":"2026-03-06T13:25:43+00:00","description":"Des collaborateurs motiv\u00e9s et bien form\u00e9s assurent durablement notre succ\u00e8s. Rejoignez la famille BINKERT.","breadcrumb":{"@id":"https:\/\/www.binkert.com\/fr\/entreprise\/travailler-chez-binkert\/#breadcrumb"},"inLanguage":"fr-FR","potentialAction":[{"@type":"ReadAction","target":["https:\/\/www.binkert.com\/fr\/entreprise\/travailler-chez-binkert\/"]}]},{"@type":"ImageObject","inLanguage":"fr-FR","@id":"https:\/\/www.binkert.com\/fr\/entreprise\/travailler-chez-binkert\/#primaryimage","url":"https:\/\/www.binkert.com\/wp-content\/uploads\/Image_Hotline-1.jpg","contentUrl":"https:\/\/www.binkert.com\/wp-content\/uploads\/Image_Hotline-1.jpg","width":772,"height":584},{"@type":"BreadcrumbList","@id":"https:\/\/www.binkert.com\/fr\/entreprise\/travailler-chez-binkert\/#breadcrumb","itemListElement":[{"@type":"ListItem","position":1,"name":"Startseite","item":"https:\/\/www.binkert.com\/fr\/"},{"@type":"ListItem","position":2,"name":"Entreprise","item":"https:\/\/www.binkert.com\/fr\/entreprise\/"},{"@type":"ListItem","position":3,"name":"Travailler chez BINKERT"}]},{"@type":"WebSite","@id":"https:\/\/www.binkert.com\/fr\/#website","url":"https:\/\/www.binkert.com\/fr\/","name":"Josef Binkert AG","description":"Damit Sie pr\u00e4zise, produktiv und kosteneffizient produzieren k\u00f6nnen, brauchen Sie modernste Fertigungsl\u00f6sungen. Als Schweizerisches Familienunternehmen mit einer \u00fcber 100-j\u00e4hrigen Tradition und Exklusivvertreterin f\u00fchrender europ\u00e4ischen und asiatischen Herstellern von CNC-Maschinen und Automationsl\u00f6sungen finden wir die massgeschneiderte Fertigungsl\u00f6sung f\u00fcr Sie.","publisher":{"@id":"https:\/\/www.binkert.com\/fr\/#organization"},"potentialAction":[{"@type":"SearchAction","target":{"@type":"EntryPoint","urlTemplate":"https:\/\/www.binkert.com\/fr\/?s={search_term_string}"},"query-input":{"@type":"PropertyValueSpecification","valueRequired":true,"valueName":"search_term_string"}}],"inLanguage":"fr-FR"},{"@type":"Organization","@id":"https:\/\/www.binkert.com\/fr\/#organization","name":"Josef Binkert AG","url":"https:\/\/www.binkert.com\/fr\/","logo":{"@type":"ImageObject","inLanguage":"fr-FR","@id":"https:\/\/www.binkert.com\/fr\/#\/schema\/logo\/image\/","url":"https:\/\/www.binkert.com\/wp-content\/uploads\/SMI-rgb.svg","contentUrl":"https:\/\/www.binkert.com\/wp-content\/uploads\/SMI-rgb.svg","width":"1024","height":"1024","caption":"Josef Binkert AG"},"image":{"@id":"https:\/\/www.binkert.com\/fr\/#\/schema\/logo\/image\/"},"sameAs":["https:\/\/www.linkedin.com\/company\/josef-binkert-ag\/","https:\/\/www.youtube.com\/channel\/UCG8l-uJ03s2CHuLcJlheCHw?app=desktop"]}]}},"_links":{"self":[{"href":"https:\/\/www.binkert.com\/fr\/wp-json\/wp\/v2\/pages\/6991","targetHints":{"allow":["GET"]}}],"collection":[{"href":"https:\/\/www.binkert.com\/fr\/wp-json\/wp\/v2\/pages"}],"about":[{"href":"https:\/\/www.binkert.com\/fr\/wp-json\/wp\/v2\/types\/page"}],"author":[{"embeddable":true,"href":"https:\/\/www.binkert.com\/fr\/wp-json\/wp\/v2\/users\/1"}],"replies":[{"embeddable":true,"href":"https:\/\/www.binkert.com\/fr\/wp-json\/wp\/v2\/comments?post=6991"}],"version-history":[{"count":11,"href":"https:\/\/www.binkert.com\/fr\/wp-json\/wp\/v2\/pages\/6991\/revisions"}],"predecessor-version":[{"id":16563,"href":"https:\/\/www.binkert.com\/fr\/wp-json\/wp\/v2\/pages\/6991\/revisions\/16563"}],"up":[{"embeddable":true,"href":"https:\/\/www.binkert.com\/fr\/wp-json\/wp\/v2\/pages\/6837"}],"wp:featuredmedia":[{"embeddable":true,"href":"https:\/\/www.binkert.com\/fr\/wp-json\/wp\/v2\/media\/4857"}],"wp:attachment":[{"href":"https:\/\/www.binkert.com\/fr\/wp-json\/wp\/v2\/media?parent=6991"}],"curies":[{"name":"wp","href":"https:\/\/api.w.org\/{rel}","templated":true}]}}